{"id":21411,"date":"2016-08-02T14:47:21","date_gmt":"2016-08-02T14:47:21","guid":{"rendered":"https:\/\/ktmilano.com\/la-nostra-storia\/"},"modified":"2024-05-17T17:21:43","modified_gmt":"2024-05-17T17:21:43","slug":"la-nostra-storia","status":"publish","type":"page","link":"https:\/\/ktmilano.com\/it\/la-nostra-storia\/","title":{"rendered":"La nostra storia"},"content":{"rendered":"<div class=\"wpb-content-wrapper\"><p>[vc_row heading_color=&#8221;dark&#8221; section_full_height=&#8221;fullheight&#8221; bg_type=&#8221;image&#8221; bg_image=&#8221;17067&#8243; bg_image_type=&#8221;horizontal-parallax-lr&#8221; bg_image_size=&#8221;full&#8221; color_overlay=&#8221;dark&#8221; font_color=&#8221;#ffffff&#8221; el_class=&#8221;kt&#8221;][vc_column column_effect=&#8221;mouse-move-x-y&#8221; column_effect_invert=&#8221;true&#8221; width=&#8221;1\/2&#8243;]<h1 class=\"grve-element grve-title grve-align-left grve-animated-item grve-duration-normal grve-fade-in-left grve-h1 grve-increase-heading grve-heading-180\" style=\"margin-bottom: 0px;\" data-delay=\"200\"><span>La nostra storia<\/span><\/h1><div class=\"grve-empty-space grve-height-1x\" style=\"\"><\/div>[vc_column_text css=&#8221;&#8221; text_style=&#8221;leader-text&#8221; animation=&#8221;grve-fade-in-up&#8221; animation_delay=&#8221;600&#8243; el_class=&#8221;kt&#8221;]<span style=\"color: #000000;\">Il nostro marchio, KT Milano, incarna l&#8217;essenza del nostro patrimonio italiano e la nostra incrollabile dedizione alla creazione di prodotti eccezionali per la cura dei capelli. Le nostre formulazioni avanzate sono realizzate con i migliori ingredienti naturali, accuratamente selezionati per le loro propriet\u00e0 benefiche.<\/span>[\/vc_column_text]<div class=\"grve-empty-space grve-height-2x\" style=\"\"><\/div><div class=\"grve-element grve-box-icon grve-small grve-side-icon grve-align-left grve-animated-item grve-fade-in-up grve-duration-normal grve-with-shape\" style=\"\" data-delay=\"1000\"><a href=\"https:\/\/ktmilano.com\/it\/negozio\/\" target=\"_blank\" rel=\"noopener noreferrer\"><div class=\"grve-wrapper-icon grve-simple grve-circle grve-bg-primary-1\" style=\"\"><i class=\"grve-text-white smp-icon-arrow-right-circle\"><\/i><\/div><div class=\"grve-box-content\"><div class=\"grve-box-title-wrapper\"><h3 class=\"grve-box-title grve-h5\">Vai al negozio<\/h3><\/div><\/div><\/a><\/div>[\/vc_column][vc_column width=&#8221;1\/2&#8243;][\/vc_column][\/vc_row][vc_row section_type=&#8221;fullwidth&#8221; padding_top_multiplier=&#8221;&#8221; padding_bottom_multiplier=&#8221;&#8221; columns_gap=&#8221;none&#8221; equal_column_height=&#8221;middle-content&#8221;][vc_column width=&#8221;1\/2&#8243; css=&#8221;.vc_custom_1714145198190{background-image: url(https:\/\/ktmilano.it\/wp-content\/uploads\/2013\/06\/DSC02854-scaled.jpg?id=16605) !important;background-position: center !important;background-repeat: no-repeat !important;background-size: cover !important;}&#8221;][\/vc_column][vc_column column_effect=&#8221;mouse-move-x-y&#8221; column_effect_limit=&#8221;2x&#8221; column_effect_invert=&#8221;true&#8221; width=&#8221;1\/2&#8243; css=&#8221;.vc_custom_1472576212808{padding-top: 27% !important;padding-right: 19% !important;padding-bottom: 27% !important;padding-left: 19% !important;}&#8221;]<h2 class=\"grve-element grve-title grve-align-left grve-animated-item grve-duration-normal grve-fade-in-right grve-h1\" style=\"\" data-delay=\"200\"><span>Chi siamo<\/span><\/h2><h3 class=\"grve-element grve-title grve-align-left grve-animated-item grve-duration-normal grve-fade-in-right grve-h6\" style=\"\" data-delay=\"400\"><span>Scopri di pi\u00f9 su KT Milano<\/span><\/h3>[vc_column_text css=&#8221;&#8221; animation=&#8221;grve-fade-in-right&#8221; animation_delay=&#8221;600&#8243; el_class=&#8221;kt&#8221;]Il nome del nostro marchio, KT Milano, incarna l&#8217;essenza del nostro patrimonio italiano e la nostra incrollabile dedizione alla creazione di prodotti eccezionali per la cura dei capelli. Le nostre formulazioni avanzate sono realizzate con i migliori ingredienti naturali, accuratamente selezionati per le loro propriet\u00e0 benefiche. Adottiamo un approccio pulito e di bellezza alla cura dei capelli, assicurandoci che i nostri prodotti non siano solo efficaci, ma anche sicuri e delicati per i tuoi capelli e il tuo cuoio capelluto. Le nostre formulazioni sono meticolosamente realizzate in Italia, utilizzando tecnologie all&#8217;avanguardia per offrire risultati superiori.<br \/>\nIl lusso \u00e8 al centro del nostro marchio e si riflette nelle nostre confezioni di alta qualit\u00e0, nel design elegante e nell&#8217;esperienza di cura dei capelli.<br \/>\nCrediamo che la tua routine di cura dei capelli debba essere un momento di puro lusso e indulgenza.[\/vc_column_text]<div class=\"grve-element grve-divider grve-animated-item grve-fade-in-right grve-duration-normal grve-align-left\" style=\"padding-top: 30px;\" data-delay=\"800\"><span class=\"grve-custom-divider grve-bg-primary-1\" style=\"width: 100px;height: 5px;\"><\/span><\/div>[\/vc_column][\/vc_row][vc_row section_type=&#8221;fullwidth&#8221; padding_top_multiplier=&#8221;&#8221; padding_bottom_multiplier=&#8221;&#8221; columns_gap=&#8221;none&#8221; equal_column_height=&#8221;middle-content&#8221;][vc_column column_effect=&#8221;mouse-move-x-y&#8221; column_effect_limit=&#8221;2x&#8221; column_effect_invert=&#8221;true&#8221; width=&#8221;1\/2&#8243; css=&#8221;.vc_custom_1472576212808{padding-top: 27% !important;padding-right: 19% !important;padding-bottom: 27% !important;padding-left: 19% !important;}&#8221;]<h2 class=\"grve-element grve-title grve-align-left grve-animated-item grve-duration-normal grve-fade-in-left grve-h1\" style=\"\" data-delay=\"200\"><span><br>\n<h2 class=\"elementor-heading-title elementor-size-default\">I valori del marchio KT Milano<\/h2>\n<\/span><\/h2><h3 class=\"grve-element grve-title grve-align-left grve-animated-item grve-duration-normal grve-fade-in-left grve-h6\" style=\"\" data-delay=\"400\"><span>Benvenuti da KT Milano, dove la bellezza incontra l&#8217;integrit\u00e0!<\/span><\/h3>[vc_column_text css=&#8221;&#8221; animation=&#8221;grve-fade-in-left&#8221; animation_delay=&#8221;600&#8243;]Ci dedichiamo a:<\/p>\n<ol>\n<li><strong>Sostenibilit\u00e0<\/strong>: Realizzare prodotti con l&#8217;impegno di pratiche eco-compatibili.<\/li>\n<li><strong>Cruelty-Free<\/strong>: non effettuiamo mai test sugli animali, garantendo un approccio compassionevole alla bellezza.<\/li>\n<li><strong>Trasparenza<\/strong>: Trasparenza e apertura sui nostri ingredienti e processi.<\/li>\n<li><strong>Onest\u00e0<\/strong>: Fornire prodotti autentici e comunicazioni di cui ci si pu\u00f2 fidare.<\/li>\n<\/ol>\n<p>[\/vc_column_text]<div class=\"grve-element grve-divider grve-animated-item grve-fade-in-left grve-duration-normal grve-align-left\" style=\"padding-top: 30px;\" data-delay=\"800\"><span class=\"grve-custom-divider grve-bg-primary-1\" style=\"width: 100px;height: 5px;\"><\/span><\/div>[\/vc_column][vc_column width=&#8221;1\/2&#8243; css=&#8221;.vc_custom_1714150423230{background-image: url(https:\/\/ktmilano.it\/wp-content\/uploads\/2024\/04\/vitalbeautie-brand-image-book-\u2014-generalgraphics.jpg?id=17088) !important;background-position: center !important;background-repeat: no-repeat !important;background-size: cover !important;}&#8221;][\/vc_column][\/vc_row][vc_row heading_color=&#8221;light&#8221; bg_type=&#8221;color&#8221; padding_top_multiplier=&#8221;2x&#8221; padding_bottom_multiplier=&#8221;2x&#8221; font_color=&#8221;#ffffff&#8221; bg_color=&#8221;#f2eae7&#8243;][vc_column column_effect=&#8221;vertical-parallax&#8221; column_effect_limit=&#8221;3x&#8221; column_effect_invert=&#8221;true&#8221;]<h3 class=\"grve-element grve-title grve-align-center grve-h1 grve-custom-font-1 kt\" style=\"\"><span><br>\n<p style=\"text-align: center;\"><span style=\"color: #000000;\">Per i nostri prodotti utilizziamo solo ingredienti naturali, che fanno bene a te e all&#8217;ambiente!<\/span><br>\n<\/span><\/h3>[\/vc_column][\/vc_row][vc_row heading_color=&#8221;light&#8221; section_type=&#8221;fullwidth&#8221; bg_type=&#8221;color&#8221; padding_top_multiplier=&#8221;&#8221; padding_bottom_multiplier=&#8221;&#8221; columns_gap=&#8221;none&#8221; equal_column_height=&#8221;middle-content&#8221; tablet_portrait_equal_column_height=&#8221;false&#8221; mobile_equal_column_height=&#8221;false&#8221; font_color=&#8221;#ffffff&#8221; bg_color=&#8221;#0c0c0b&#8221;][vc_column width=&#8221;1\/2&#8243; tablet_sm_width=&#8221;1&#8243; column_fullheight=&#8221;fullheight&#8221; css=&#8221;.vc_custom_1714387477738{background-image: url(https:\/\/ktmilano.it\/wp-content\/uploads\/2024\/04\/WhatsApp-Image-2024-02-26-at-17.24.12_0fa83b86.jpg?id=17114) !important;background-position: center !important;background-repeat: no-repeat !important;background-size: cover !important;}&#8221;][\/vc_column][vc_column width=&#8221;1\/2&#8243; tablet_sm_width=&#8221;1&#8243; css=&#8221;.vc_custom_1472732650026{padding-right: 20% !important;padding-left: 20% !important;}&#8221;]<h1 class=\"grve-element grve-title grve-align-left grve-animated-item grve-duration-normal grve-fade-in-up grve-h1 grve-custom-font-1 kt\" style=\"margin-bottom: 0px;\" data-delay=\"200\"><span>Incontra il fondatore<\/span><\/h1><h1 class=\"grve-element grve-title grve-align-left grve-animated-item grve-duration-normal grve-fade-in-up grve-h1 grve-custom-font-1 grve-increase-heading grve-heading-120\" style=\"\" data-delay=\"600\"><span>Katy Rohani<\/span><\/h1>[vc_column_text css=&#8221;&#8221; text_style=&#8221;leader-text&#8221; animation=&#8221;grve-fade-in-up&#8221; animation_delay=&#8221;800&#8243; el_class=&#8221;kt&#8221;]Questa \u00e8 la storia di una donna che ha sfidato le limitazioni tradizionali e ha lasciato l&#8217;Iran per la Cina per inseguire libert\u00e0 e opportunit\u00e0. Dopo aver sperimentato le difficolt\u00e0 della pandemia di COVID-19 in Italia, ha deciso di creare un marchio di prodotti per capelli Made in Italy che privilegiasse la sostenibilit\u00e0, l&#8217;alta qualit\u00e0, il design elegante e gli ingredienti naturali. Nonostante abbia affrontato numerosi ostacoli, ha perseverato con l&#8217;obiettivo di dare potere alle donne e di educarle a scelte consapevoli nel settore della cura dei capelli. Il suo marchio incarna la trasparenza, l&#8217;autenticit\u00e0 e la convinzione che le donne possano prendere decisioni consapevoli sui prodotti che utilizzano.<\/p>\n<p>La sua storia mostra la resilienza, la determinazione e la capacit\u00e0 di creare qualcosa di significativo anche di fronte alle avversit\u00e0.[\/vc_column_text][\/vc_column][\/vc_row]<\/p>\n<\/div>","protected":false},"excerpt":{"rendered":"<p>Eu homero honestatis necessitatibus sit, latine omittam qualisque in sea, appetere suavitate ad eos. Bonorum tibique nam at, maiorum partiendo euripidis nam ut. An eos cibo regione abhorreant. Diam velit aliquam his et, quot everti et est. In nec erat regione commune, eirmod copiosae dissentias has id. Ad his fugit regione commune.<\/p>\n","protected":false},"author":1,"featured_media":0,"parent":0,"menu_order":0,"comment_status":"closed","ping_status":"closed","template":"","meta":{"footnotes":""},"class_list":["post-21411","page","type-page","status-publish","hentry"],"_links":{"self":[{"href":"https:\/\/ktmilano.com\/it\/wp-json\/wp\/v2\/pages\/21411","targetHints":{"allow":["GET"]}}],"collection":[{"href":"https:\/\/ktmilano.com\/it\/wp-json\/wp\/v2\/pages"}],"about":[{"href":"https:\/\/ktmilano.com\/it\/wp-json\/wp\/v2\/types\/page"}],"author":[{"embeddable":true,"href":"https:\/\/ktmilano.com\/it\/wp-json\/wp\/v2\/users\/1"}],"replies":[{"embeddable":true,"href":"https:\/\/ktmilano.com\/it\/wp-json\/wp\/v2\/comments?post=21411"}],"version-history":[{"count":0,"href":"https:\/\/ktmilano.com\/it\/wp-json\/wp\/v2\/pages\/21411\/revisions"}],"wp:attachment":[{"href":"https:\/\/ktmilano.com\/it\/wp-json\/wp\/v2\/media?parent=21411"}],"curies":[{"name":"wp","href":"https:\/\/api.w.org\/{rel}","templated":true}]}}