{"id":21402,"date":"2024-04-29T13:17:42","date_gmt":"2024-04-29T13:17:42","guid":{"rendered":"https:\/\/ktmilano.com\/olio-di-argan-per-capelli\/"},"modified":"2024-10-31T11:15:56","modified_gmt":"2024-10-31T11:15:56","slug":"olio-di-argan-per-capelli","status":"publish","type":"page","link":"https:\/\/ktmilano.com\/it\/olio-di-argan-per-capelli\/","title":{"rendered":"Olio di Argan per capelli"},"content":{"rendered":"<div class=\"wpb-content-wrapper\"><p>[vc_row heading_color=&#8221;dark&#8221; section_full_height=&#8221;fullheight&#8221; bg_type=&#8221;image&#8221; bg_image=&#8221;17214&#8243; bg_image_type=&#8221;horizontal-parallax-rl&#8221; bg_image_size=&#8221;full&#8221; color_overlay=&#8221;dark&#8221; font_color=&#8221;#ffffff&#8221; el_class=&#8221;kt&#8221;][vc_column width=&#8221;1\/2&#8243;][\/vc_column][vc_column column_effect=&#8221;mouse-move-x-y&#8221; column_effect_invert=&#8221;true&#8221; width=&#8221;1\/2&#8243;]<h1 class=\"grve-element grve-title grve-align-left grve-animated-item grve-duration-normal grve-fade-in-left grve-h1 grve-increase-heading grve-heading-180\" style=\"margin-bottom: 0px;\" data-delay=\"200\"><span>Olio di Argan per capelli<\/span><\/h1><div class=\"grve-empty-space grve-height-1x\" style=\"\"><\/div>[vc_column_text css=&#8221;&#8221; text_style=&#8221;leader-text&#8221; animation=&#8221;grve-fade-in-up&#8221; animation_delay=&#8221;600&#8243; el_class=&#8221;kt&#8221;]<span style=\"color: #000000;\">Questa categoria potrebbe includere prodotti a base di olio di argan noti per le loro propriet\u00e0 idratanti e nutrienti, come l&#8217;olio di argan puro e prodotti per la cura dei capelli come shampoo, balsami e prodotti per lo styling.<\/span>[\/vc_column_text]<div class=\"grve-empty-space grve-height-2x\" style=\"\"><\/div><div class=\"grve-element grve-box-icon grve-small grve-side-icon grve-align-left grve-animated-item grve-fade-in-up grve-duration-normal grve-with-shape\" style=\"\" data-delay=\"1000\"><a href=\"https:\/\/ktmilano.com\/shop\/\" target=\"_blank\" rel=\"noopener noreferrer\"><div class=\"grve-wrapper-icon grve-simple grve-circle grve-bg-primary-1\" style=\"\"><i class=\"grve-text-white smp-icon-arrow-right-circle\"><\/i><\/div><div class=\"grve-box-content\"><div class=\"grve-box-title-wrapper\"><h3 class=\"grve-box-title grve-h5\">Vai al negozio<\/h3><\/div><\/div><\/a><\/div>[\/vc_column][\/vc_row][vc_row section_type=&#8221;fullwidth&#8221; padding_top_multiplier=&#8221;&#8221; padding_bottom_multiplier=&#8221;&#8221; columns_gap=&#8221;none&#8221; equal_column_height=&#8221;middle-content&#8221;][vc_column width=&#8221;1\/2&#8243; css=&#8221;.vc_custom_1714396770421{background-image: url(https:\/\/ktmilano.it\/wp-content\/uploads\/2024\/04\/IMAGE-1402-11-06-102540.jpg?id=17033) !important;background-position: center !important;background-repeat: no-repeat !important;background-size: cover !important;}&#8221;]<div class=\"grve-element grve-image grve-align-center\" style=\"\">  <div class=\"grve-image-wrapper\"><img decoding=\"async\" width=\"1894\" height=\"1440\" src=\"https:\/\/ktmilano.com\/wp-content\/uploads\/2024\/04\/DSC02809-copy-2-scaled-e1715933358951.jpg\" class=\"attachment-full size-full\" alt=\"KT Milano Argan Oil bottles stacked artistically, reflecting premium Italian hair care with nourishing oil for all hair types.\" srcset=\"https:\/\/ktmilano.com\/wp-content\/uploads\/2024\/04\/DSC02809-copy-2-scaled-e1715933358951.jpg 1894w, https:\/\/ktmilano.com\/wp-content\/uploads\/2024\/04\/DSC02809-copy-2-scaled-e1715933358951-300x228.jpg 300w, https:\/\/ktmilano.com\/wp-content\/uploads\/2024\/04\/DSC02809-copy-2-scaled-e1715933358951-768x584.jpg 768w, https:\/\/ktmilano.com\/wp-content\/uploads\/2024\/04\/DSC02809-copy-2-scaled-e1715933358951-1024x779.jpg 1024w, https:\/\/ktmilano.com\/wp-content\/uploads\/2024\/04\/DSC02809-copy-2-scaled-e1715933358951-1536x1168.jpg 1536w, https:\/\/ktmilano.com\/wp-content\/uploads\/2024\/04\/DSC02809-copy-2-scaled-e1715933358951-600x456.jpg 600w\" sizes=\"(max-width: 1894px) 100vw, 1894px\" \/>   <\/div><\/div>[\/vc_column][vc_column column_effect=&#8221;mouse-move-x-y&#8221; column_effect_limit=&#8221;2x&#8221; column_effect_invert=&#8221;true&#8221; width=&#8221;1\/2&#8243; css=&#8221;.vc_custom_1472576212808{padding-top: 27% !important;padding-right: 19% !important;padding-bottom: 27% !important;padding-left: 19% !important;}&#8221;]<h2 class=\"grve-element grve-title grve-align-left grve-animated-item grve-duration-normal grve-fade-in-right grve-h1\" style=\"\" data-delay=\"200\"><span>Olio di Argan per capelli<\/span><\/h2><h3 class=\"grve-element grve-title grve-align-left grve-animated-item grve-duration-normal grve-fade-in-right grve-h6\" style=\"\" data-delay=\"400\"><span>Scopri di pi\u00f9 su KT Milano<\/span><\/h3>[vc_column_text css=&#8221;&#8221; animation=&#8221;grve-fade-in-right&#8221; animation_delay=&#8221;600&#8243; el_class=&#8221;kt&#8221;]Scopri il potere dell&#8217;Olio di Argan per capelli di KT MILANO, la soluzione definitiva per capelli nutriti, rivitalizzati e lisci come la seta. Infuso con ingredienti naturali di prima qualit\u00e0, il nostro olio di Argan \u00e8 un&#8217;aggiunta indispensabile alla tua routine di cura dei capelli. D\u00ec addio alle giornate storte e dai il benvenuto a capelli splendidi e maneggevoli con l&#8217;Olio di Argan per capelli di KT MILANO.[\/vc_column_text]<div class=\"grve-element grve-divider grve-animated-item grve-fade-in-right grve-duration-normal grve-align-left\" style=\"padding-top: 30px;\" data-delay=\"800\"><span class=\"grve-custom-divider grve-bg-primary-1\" style=\"width: 100px;height: 5px;\"><\/span><\/div>[\/vc_column][\/vc_row][vc_row section_type=&#8221;fullwidth&#8221; padding_top_multiplier=&#8221;&#8221; padding_bottom_multiplier=&#8221;&#8221; columns_gap=&#8221;none&#8221; equal_column_height=&#8221;middle-content&#8221;][vc_column column_effect=&#8221;mouse-move-x-y&#8221; column_effect_limit=&#8221;2x&#8221; column_effect_invert=&#8221;true&#8221; width=&#8221;1\/2&#8243; css=&#8221;.vc_custom_1472576212808{padding-top: 27% !important;padding-right: 19% !important;padding-bottom: 27% !important;padding-left: 19% !important;}&#8221;]<h2 class=\"grve-element grve-title grve-align-left grve-animated-item grve-duration-normal grve-fade-in-left grve-h1\" style=\"\" data-delay=\"200\"><span><br>\n<h2 class=\"elementor-heading-title elementor-size-default\">Caratteristiche del prodotto<\/h2>\n<\/span><\/h2><h3 class=\"grve-element grve-title grve-align-left grve-animated-item grve-duration-normal grve-fade-in-left grve-h6\" style=\"\" data-delay=\"400\"><span>Benvenuti da KT Milano, dove la bellezza incontra l&#8217;integrit\u00e0!<\/span><\/h3>[vc_column_text css=&#8221;&#8221; animation=&#8221;grve-fade-in-left&#8221; animation_delay=&#8221;600&#8243;]L&#8217;olio di Argan si assorbe rapidamente, donando brillantezza, lucentezza e morbidezza. Offre condizionamento profondo, controllo dell&#8217;effetto crespo, prevenzione delle doppie punte e salute del cuoio capelluto.<\/p>\n<ol>\n<li><span style=\"font-family: inherit; font-size: inherit; font-style: inherit; font-variant-ligatures: inherit; font-variant-caps: inherit; font-weight: inherit;\">Senza solfati<\/span><\/li>\n<li>Senza parabeni<\/li>\n<li>Amico degli animali<\/li>\n<li>Senza SLS<\/li>\n<\/ol>\n<p>[\/vc_column_text]<div class=\"grve-element grve-divider grve-animated-item grve-fade-in-left grve-duration-normal grve-align-left\" style=\"padding-top: 30px;\" data-delay=\"800\"><span class=\"grve-custom-divider grve-bg-primary-1\" style=\"width: 100px;height: 5px;\"><\/span><\/div>[\/vc_column][vc_column width=&#8221;1\/2&#8243; css=&#8221;.vc_custom_1714389074624{background-color: #ffffff !important;background-position: center !important;background-repeat: no-repeat !important;background-size: cover !important;}&#8221;]<div class=\"woocommerce columns-2 \"><div class=\"clear\"><\/div>\n<div class=\"grve-element grve-with-gap grve-product grve-isotope\" data-gutter-size=\"30\" data-layout=\"fitRows\" data-spiner=\"no\" data-columns-large-screen=\"2\" data-columns=\"2\" data-columns-tablet-landscape=\"2\" data-columns-tablet-portrait=\"2\" data-columns-mobile=\"1\">\n\t<div class=\"grve-product-container grve-isotope-container pl-loops\" data=\"isotope\">\n<div class=\"grve-isotope-item grve-product-item product type-product post-21386 status-publish first instock product_cat-i-piu-venduti product_cat-olio-di-argan-per-capelli product_tag-cura-dei-capelli-it product_tag-made-in-italy-it product_tag-olio-di-argan has-post-thumbnail shipping-taxable purchasable product-type-simple\">\n\n\t\n\t<div class=\"grve-isotope-item-inner grve-hover-item\">\n\t\t<div class=\"grve-product-added-icon grve-icon-shop grve-circle\"><\/div>\n\t\t<figure class=\"grve-image-hover grve-zoom-none\">\n\t\t\t<div class=\"grve-media\">\n\t\t\t\t<div class=\"grve-add-cart-wrapper\">\n\t\t\t\t\t<div class=\"grve-add-cart-button\">\n\t\t\t\t\t\t<a rel=\"nofollow\" href=\"\/it\/wp-json\/wp\/v2\/pages\/21402?add-to-cart=21386\" data-quantity=\"1\" data-product_id=\"21386\" data-product_sku=\"\" class=\"product_type_simple add_to_cart_button ajax_add_to_cart\">Aggiungi al carrello<\/a>\t\t\t\t\t<\/div>\n\t\t\t\t<\/div>\n\t\t\t\t<a class=\"grve-item-url\" href=\"https:\/\/ktmilano.com\/it\/prodotto\/olio-di-argan\/\"><\/a>\n\t\t\t\t<div class=\"grve-bg-light grve-hover-overlay grve-opacity-90\"><\/div>\n\t\t\t\t<img decoding=\"async\" width=\"300\" height=\"300\" src=\"https:\/\/ktmilano.com\/wp-content\/uploads\/2013\/06\/New-Project-23-2-300x300.png\" class=\"attachment-medium size-medium\" alt=\"Olio di Argan\" srcset=\"https:\/\/ktmilano.com\/wp-content\/uploads\/2013\/06\/New-Project-23-2-300x300.png 300w, https:\/\/ktmilano.com\/wp-content\/uploads\/2013\/06\/New-Project-23-2-150x150.png 150w, https:\/\/ktmilano.com\/wp-content\/uploads\/2013\/06\/New-Project-23-2-100x100.png 100w, https:\/\/ktmilano.com\/wp-content\/uploads\/2013\/06\/New-Project-23-2.png 500w\" sizes=\"(max-width: 300px) 100vw, 300px\" \/>\t\t\t<\/div>\n\t\t\t<figcaption class=\"grve-content grve-align-center\">\n\t\t\t\t<a href=\"https:\/\/ktmilano.com\/it\/prodotto\/olio-di-argan\/\">\n\t\t\t\t\t<h3 class=\"grve-title grve-h6\">Olio di Argan<\/h3>\n\t\t\t\t<\/a>\n\t\t\t\t\n\t<span class=\"price\"><span class=\"woocommerce-Price-amount amount\"><bdi>40,00&nbsp;<span class=\"woocommerce-Price-currencySymbol\">&euro;<\/span><\/bdi><\/span><\/span>\n\t\t\t<\/figcaption>\n\t\t<\/figure>\n\t<\/div>\n\n\t\n<\/div>\n\t<\/div>\n<\/div>\n<\/div>[\/vc_column][\/vc_row][vc_row heading_color=&#8221;light&#8221; bg_type=&#8221;color&#8221; padding_top_multiplier=&#8221;3x&#8221; padding_bottom_multiplier=&#8221;3x&#8221; font_color=&#8221;#161616&#8243; bg_color=&#8221;#cbbeb3&#8243;][vc_column width=&#8221;1\/12&#8243;][\/vc_column][vc_column width=&#8221;5\/6&#8243;]<h3 class=\"grve-element grve-title grve-align-center grve-h2 grve-custom-font-1 kt grve-increase-heading grve-heading-120\" style=\"\"><span><br>\n<p style=\"text-align: center;\">L&#8217;olio di Argan si assorbe rapidamente, donando brillantezza, lucentezza e morbidezza.<br>\n<\/span><\/h3>[\/vc_column][vc_column width=&#8221;1\/12&#8243;][\/vc_column][\/vc_row][vc_row padding_top_multiplier=&#8221;4x&#8221; padding_bottom_multiplier=&#8221;4x&#8221; section_id=&#8221;how-we-work&#8221;][vc_column]<div class=\"grve-element grve-slogan grve-align-center\" style=\"\"><h3 class=\"grve-slogan-title grve-align-center grve-h1\"><span>Come si usa<\/span><\/h3>  <p class=\"grve-leader-text\">Segui questi semplici passaggi per sfruttare al meglio i vantaggi<\/p><\/div>[\/vc_column][vc_column]<div class=\"grve-empty-space grve-height-1x\" style=\"\"><\/div>[\/vc_column][vc_column width=&#8221;1\/3&#8243; text_align=&#8221;center&#8221; el_class=&#8221;kt&#8221;]<h3 class=\"grve-element grve-title grve-align-center grve-animated-item grve-duration-normal grve-fade-in-up grve-h3\" style=\"\" data-delay=\"200\"><span><br>\n<p style=\"text-align: center;\"><span class=\"OYPEnA text-decoration-none text-strikethrough-none\">Styling<\/span><br>\n<\/span><\/h3>[vc_column_text css=&#8221;&#8221; animation=&#8221;grve-fade-in-up-big&#8221; animation_duration=&#8221;slow&#8221;]<\/p>\n<p style=\"text-align: center;\"><span class=\"OYPEnA text-decoration-none text-strikethrough-none\">Dopo lo shampoo, applica sui capelli bagnati e acconcia come di consueto.<\/span><\/p>\n<p>[\/vc_column_text][\/vc_column][vc_column width=&#8221;1\/3&#8243; text_align=&#8221;center&#8221; el_class=&#8221;kt&#8221;]<h3 class=\"grve-element grve-title grve-align-center grve-animated-item grve-duration-normal grve-fade-in-up grve-h3\" style=\"\" data-delay=\"400\"><span><br>\n<p style=\"text-align: center;\"><span class=\"OYPEnA text-decoration-none text-strikethrough-none\">Protezione<\/span><br>\n<\/span><\/h3>[vc_column_text css=&#8221;&#8221; animation=&#8221;grve-fade-in-up-big&#8221; animation_delay=&#8221;400&#8243; animation_duration=&#8221;slow&#8221;]<\/p>\n<p style=\"text-align: center;\"><span class=\"OYPEnA text-decoration-none text-strikethrough-none\">Proteggi e doma i capelli dall&#8217;effetto crespo. Applica qualche goccia sui capelli asciutti, secondo le necessit\u00e0.<\/span><\/p>\n<p>[\/vc_column_text][\/vc_column][vc_column width=&#8221;1\/3&#8243; text_align=&#8221;center&#8221; el_class=&#8221;kt&#8221;]<h3 class=\"grve-element grve-title grve-align-center grve-animated-item grve-duration-normal grve-fade-in-up grve-h3\" style=\"\" data-delay=\"600\"><span><br>\n<p style=\"text-align: center;\"><span class=\"OYPEnA text-decoration-none text-strikethrough-none\">Trattamento<\/span><br>\n<\/span><\/h3>[vc_column_text css=&#8221;&#8221; animation=&#8221;grve-fade-in-up-big&#8221; animation_delay=&#8221;600&#8243; animation_duration=&#8221;slow&#8221;]<\/p>\n<p style=\"text-align: center;\"><span class=\"OYPEnA text-decoration-none text-strikethrough-none\">Applica sui capelli asciutti, sulle lunghezze e sulle punte, lascia in posa per 10\/15 minuti, Applica qualche goccia sui capelli asciutti secondo necessit\u00e0<\/span><\/p>\n<p>[\/vc_column_text][\/vc_column][\/vc_row][vc_row padding_top_multiplier=&#8221;6x&#8221; padding_bottom_multiplier=&#8221;6x&#8221; columns_gap=&#8221;60&#8243;][vc_column width=&#8221;1\/6&#8243; tablet_sm_width=&#8221;hide&#8221; mobile_width=&#8221;hide&#8221;][\/vc_column][vc_column width=&#8221;2\/3&#8243; tablet_sm_width=&#8221;1&#8243;]<h2 class=\"grve-element grve-title grve-align-center grve-animated-item grve-duration-normal grve-fade-in-up grve-h3\" style=\"\" data-delay=\"200\"><span><strong>Ingredienti principali<\/strong><\/span><\/h2>[vc_column_text css=&#8221;&#8221; text_style=&#8221;leader-text&#8221; animation=&#8221;grve-fade-in-up&#8221; animation_delay=&#8221;400&#8243;]<\/p>\n<p style=\"text-align: center;\">Olio di nocciolo di Argania Spinosa<\/p>\n<p>[\/vc_column_text]<div class=\"grve-empty-space grve-height-1x\" style=\"\"><\/div>[\/vc_column][vc_column width=&#8221;1\/6&#8243; tablet_sm_width=&#8221;hide&#8221; mobile_width=&#8221;hide&#8221;][\/vc_column][vc_column width=&#8221;1\/3&#8243;]<div class=\"grve-element grve-box-icon grve-medium grve-top-icon grve-align-center grve-animated-item grve-fade-in-up grve-duration-normal\" style=\"\" data-delay=\"200\"><div class=\"grve-image-icon\"><img decoding=\"async\" width=\"512\" height=\"512\" src=\"https:\/\/ktmilano.com\/wp-content\/uploads\/2013\/06\/sls.png\" class=\"attachment-full size-full\" alt=\"SLS Free Vector\" srcset=\"https:\/\/ktmilano.com\/wp-content\/uploads\/2013\/06\/sls.png 512w, https:\/\/ktmilano.com\/wp-content\/uploads\/2013\/06\/sls-300x300.png 300w, https:\/\/ktmilano.com\/wp-content\/uploads\/2013\/06\/sls-150x150.png 150w, https:\/\/ktmilano.com\/wp-content\/uploads\/2013\/06\/sls-100x100.png 100w\" sizes=\"(max-width: 512px) 100vw, 512px\" \/><\/div><div class=\"grve-box-content\"><div class=\"grve-box-title-wrapper\"><h3 class=\"grve-box-title grve-h6\">Senza SLS<\/h3><\/div><\/div><\/div>[\/vc_column][vc_column width=&#8221;1\/3&#8243;]<div class=\"grve-element grve-box-icon grve-medium grve-top-icon grve-align-center grve-animated-item grve-fade-in-up grve-duration-normal\" style=\"\" data-delay=\"400\"><div class=\"grve-image-icon\"><img decoding=\"async\" width=\"512\" height=\"512\" src=\"https:\/\/ktmilano.com\/wp-content\/uploads\/2013\/06\/paraben-free.png\" class=\"attachment-full size-full\" alt=\"Paraben Free Vector\" srcset=\"https:\/\/ktmilano.com\/wp-content\/uploads\/2013\/06\/paraben-free.png 512w, https:\/\/ktmilano.com\/wp-content\/uploads\/2013\/06\/paraben-free-300x300.png 300w, https:\/\/ktmilano.com\/wp-content\/uploads\/2013\/06\/paraben-free-150x150.png 150w, https:\/\/ktmilano.com\/wp-content\/uploads\/2013\/06\/paraben-free-100x100.png 100w\" sizes=\"(max-width: 512px) 100vw, 512px\" \/><\/div><div class=\"grve-box-content\"><div class=\"grve-box-title-wrapper\"><h3 class=\"grve-box-title grve-h6\">Senza parabeni<\/h3><\/div><\/div><\/div>[\/vc_column][vc_column width=&#8221;1\/3&#8243;]<div class=\"grve-element grve-box-icon grve-medium grve-top-icon grve-align-center grve-animated-item grve-fade-in-up grve-duration-normal\" style=\"\" data-delay=\"600\"><div class=\"grve-image-icon\"><img decoding=\"async\" width=\"512\" height=\"512\" src=\"https:\/\/ktmilano.com\/wp-content\/uploads\/2024\/04\/natural-ingredients.png\" class=\"attachment-full size-full\" alt=\"Natural Ingredients\" srcset=\"https:\/\/ktmilano.com\/wp-content\/uploads\/2024\/04\/natural-ingredients.png 512w, https:\/\/ktmilano.com\/wp-content\/uploads\/2024\/04\/natural-ingredients-300x300.png 300w, https:\/\/ktmilano.com\/wp-content\/uploads\/2024\/04\/natural-ingredients-150x150.png 150w, https:\/\/ktmilano.com\/wp-content\/uploads\/2024\/04\/natural-ingredients-100x100.png 100w\" sizes=\"(max-width: 512px) 100vw, 512px\" \/><\/div><div class=\"grve-box-content\"><div class=\"grve-box-title-wrapper\"><h3 class=\"grve-box-title grve-h6\">Liberamente vegano<\/h3><\/div><\/div><\/div>[\/vc_column][\/vc_row]<\/p>\n<\/div>","protected":false},"excerpt":{"rendered":"<p>Eu homero honestatis necessitatibus sit, latine omittam qualisque in sea, appetere suavitate ad eos. Bonorum tibique nam at, maiorum partiendo euripidis nam ut. An eos cibo regione abhorreant. Diam velit aliquam his et, quot everti et est. In nec erat regione commune, eirmod copiosae dissentias has id. Ad his fugit regione commune.<\/p>\n","protected":false},"author":1,"featured_media":0,"parent":0,"menu_order":0,"comment_status":"closed","ping_status":"closed","template":"","meta":{"footnotes":""},"class_list":["post-21402","page","type-page","status-publish","hentry"],"_links":{"self":[{"href":"https:\/\/ktmilano.com\/it\/wp-json\/wp\/v2\/pages\/21402","targetHints":{"allow":["GET"]}}],"collection":[{"href":"https:\/\/ktmilano.com\/it\/wp-json\/wp\/v2\/pages"}],"about":[{"href":"https:\/\/ktmilano.com\/it\/wp-json\/wp\/v2\/types\/page"}],"author":[{"embeddable":true,"href":"https:\/\/ktmilano.com\/it\/wp-json\/wp\/v2\/users\/1"}],"replies":[{"embeddable":true,"href":"https:\/\/ktmilano.com\/it\/wp-json\/wp\/v2\/comments?post=21402"}],"version-history":[{"count":0,"href":"https:\/\/ktmilano.com\/it\/wp-json\/wp\/v2\/pages\/21402\/revisions"}],"wp:attachment":[{"href":"https:\/\/ktmilano.com\/it\/wp-json\/wp\/v2\/media?parent=21402"}],"curies":[{"name":"wp","href":"https:\/\/api.w.org\/{rel}","templated":true}]}}