{"id":22127,"date":"2013-06-07T10:52:06","date_gmt":"2013-06-07T10:52:06","guid":{"rendered":"https:\/\/ktmilano.com\/product\/huile-dargan\/"},"modified":"2026-04-15T00:38:53","modified_gmt":"2026-04-15T00:38:53","slug":"huile-dargan","status":"publish","type":"product","link":"https:\/\/ktmilano.com\/fr\/produit\/huile-dargan\/","title":{"rendered":"Huile d&rsquo;argan"},"content":{"rendered":"<div class=\"wpb-content-wrapper\"><p>[vc_row padding_top_multiplier=\u00a0\u00bb4x\u00a0\u00bb padding_bottom_multiplier=\u00a0\u00bb4x\u00a0\u00bb][vc_column width=\u00a0\u00bb5\/12&Prime;]<div class=\"grve-empty-space grve-height-6x\" style=\"\"><\/div><div class=\"grve-element grve-slogan grve-align-left grve-animated-item grve-fade-in-left grve-duration-normal kt\" style=\"\" data-delay=\"200\">  <p class=\"grve-leader-text\">L&rsquo;huile d&rsquo;argan p\u00e9n\u00e8tre rapidement et apporte brillance, \u00e9clat et douceur. Il conditionne en profondeur, contr\u00f4le les frisottis, pr\u00e9vient les pointes fourchues et favorise la sant\u00e9 du cuir chevelu.<\/p><\/div>[\/vc_column][vc_column width=\u00a0\u00bb7\/12&Prime; css=\u00a0\u00bb.vc_custom_1509011271083{padding-left: 9% !important;background-image: url(https:\/\/greatives.eu\/themes\/movedo\/movedo-construction\/wp-content\/uploads\/sites\/4\/2017\/10\/movedo-construction-bullets-03.jpg?id=45) !important;background-position: center !important;background-repeat: no-repeat !important;background-size: cover !important;}\u00a0\u00bb]<div class=\"grve-element grve-image grve-animated-item grve-duration-normal grve-zoom-in grve-align-center grve-full-image grve-image-space-100\" style=\"\" data-delay=\"200\">  <div class=\"grve-image-wrapper\"><img decoding=\"async\" width=\"768\" height=\"905\" src=\"https:\/\/ktmilano.com\/wp-content\/uploads\/2024\/04\/DSC_3565-copy-scaled-e1712903789851-768x905.jpg\" class=\"attachment-medium_large size-medium_large\" alt=\"Smiling model with curly hair holding KT Milano Argan Oil, premium hair care product for nourishing and moisturizing all hair types, made in Italy.\" srcset=\"https:\/\/ktmilano.com\/wp-content\/uploads\/2024\/04\/DSC_3565-copy-scaled-e1712903789851-768x905.jpg 768w, https:\/\/ktmilano.com\/wp-content\/uploads\/2024\/04\/DSC_3565-copy-scaled-e1712903789851-255x300.jpg 255w, https:\/\/ktmilano.com\/wp-content\/uploads\/2024\/04\/DSC_3565-copy-scaled-e1712903789851-869x1024.jpg 869w, https:\/\/ktmilano.com\/wp-content\/uploads\/2024\/04\/DSC_3565-copy-scaled-e1712903789851-1304x1536.jpg 1304w, https:\/\/ktmilano.com\/wp-content\/uploads\/2024\/04\/DSC_3565-copy-scaled-e1712903789851-1738x2048.jpg 1738w, https:\/\/ktmilano.com\/wp-content\/uploads\/2024\/04\/DSC_3565-copy-scaled-e1712903789851-1630x1920.jpg 1630w, https:\/\/ktmilano.com\/wp-content\/uploads\/2024\/04\/DSC_3565-copy-scaled-e1712903789851-600x707.jpg 600w\" sizes=\"(max-width: 768px) 100vw, 768px\" \/>   <\/div><\/div>[\/vc_column][\/vc_row][vc_row heading_color=\u00a0\u00bblight\u00a0\u00bb section_type=\u00a0\u00bbfullwidth\u00a0\u00bb bg_type=\u00a0\u00bbcolor\u00a0\u00bb padding_top_multiplier=\u00a0\u00bb\u00a0\u00bb padding_bottom_multiplier=\u00a0\u00bb\u00a0\u00bb columns_gap=\u00a0\u00bbnone\u00a0\u00bb equal_column_height=\u00a0\u00bbmiddle-content\u00a0\u00bb font_color=\u00a0\u00bb#ffffff\u00a0\u00bb bg_color=\u00a0\u00bb#f2ebe9&Prime;][vc_column width=\u00a0\u00bb1\/2&Prime; css=\u00a0\u00bb.vc_custom_1473954422313{padding-top: 20% !important;padding-right: 25% !important;padding-bottom: 20% !important;padding-left: 25% !important;}\u00a0\u00bb]<h2 class=\"grve-element grve-title grve-align-left grve-h1\" style=\"\"><span><span style=\"color: #000000;\">Les bienfaits de l&rsquo;huile d&rsquo;argan  <\/span><\/span><\/h2>[vc_column_text css=\u00a0\u00bb\u00a0\u00bb text_style=\u00a0\u00bbleader-text\u00a0\u00bb]<\/p>\n<ul>\n<li><span style=\"color: #000000;\">Absorbe rapidement<\/span><\/li>\n<li><span style=\"color: #000000;\">Apporte brillance, \u00e9clat et douceur<\/span><\/li>\n<li><span style=\"color: #000000;\">Conditionne les cheveux en profondeur<\/span><\/li>\n<li><span style=\"color: #000000;\">Contr\u00f4le les frisottis<\/span><\/li>\n<li><span style=\"color: #000000;\">Pr\u00e9vient les pointes fourchues<\/span><\/li>\n<li><span style=\"color: #000000;\">Favorise la sant\u00e9 du cuir chevelu<\/span><\/li>\n<\/ul>\n<p>[\/vc_column_text]<div class=\"grve-element grve-divider grve-align-left\" style=\"padding-top: 30px;\"><span class=\"grve-custom-divider grve-bg-primary-4\" style=\"width: 100px;height: 5px;\"><\/span><\/div>[\/vc_column][vc_column width=\u00a0\u00bb1\/2&Prime; css=\u00a0\u00bb.vc_custom_1713778954437{padding-bottom: 100% !important;background-image: url(https:\/\/ktmilano.it\/wp-content\/uploads\/2013\/06\/Argan-on-rock.jpg?id=16939) !important;background-position: center !important;background-repeat: no-repeat !important;background-size: cover !important;}\u00a0\u00bb][\/vc_column][\/vc_row][vc_row padding_top_multiplier=\u00a0\u00bb4x\u00a0\u00bb padding_bottom_multiplier=\u00a0\u00bb4x\u00a0\u00bb section_id=\u00a0\u00bbhow-we-work\u00a0\u00bb][vc_column]<div class=\"grve-element grve-slogan grve-align-center\" style=\"\"><h3 class=\"grve-slogan-title grve-align-center grve-h1\"><span>Comment l&#039;utiliser<\/span><\/h3>  <p class=\"grve-leader-text\">Suivez ces \u00e9tapes simples pour profiter au maximum des avantages.<\/p><\/div>[\/vc_column][vc_column]<div class=\"grve-empty-space grve-height-1x\" style=\"\"><\/div>[\/vc_column][vc_column width=\u00a0\u00bb1\/3&Prime; text_align=\u00a0\u00bbcenter\u00a0\u00bb el_class=\u00a0\u00bbkt\u00a0\u00bb]<h3 class=\"grve-element grve-title grve-align-center grve-animated-item grve-duration-normal grve-fade-in-up grve-h3\" style=\"\" data-delay=\"200\"><span><br>\n<p style=\"text-align: center;\">\n            <span class=\"OYPEnA text-decoration-none text-strikethrough-none\">Stylisme<\/span>\n          <br>\n<\/span><\/h3>[vc_column_text css=\u00a0\u00bb\u00a0\u00bb animation=\u00a0\u00bbgrve-fade-in-up-big\u00a0\u00bb animation_duration=\u00a0\u00bbslow\u00a0\u00bb]<\/p>\n<p style=\"text-align: center;\">\n            <span class=\"OYPEnA text-decoration-none text-strikethrough-none\">Apr\u00e8s le shampooing, appliquez sur les cheveux mouill\u00e9s et coiffez comme d&rsquo;habitude.<\/span>\n          <\/p>\n<p>[\/vc_column_text][\/vc_column][vc_column width=\u00a0\u00bb1\/3&Prime; text_align=\u00a0\u00bbcenter\u00a0\u00bb el_class=\u00a0\u00bbkt\u00a0\u00bb]<h3 class=\"grve-element grve-title grve-align-center grve-animated-item grve-duration-normal grve-fade-in-up grve-h3\" style=\"\" data-delay=\"400\"><span><br>\n<p style=\"text-align: center;\">\n            <span class=\"OYPEnA text-decoration-none text-strikethrough-none\">Protection de l&rsquo;environnement<\/span>\n          <br>\n<\/span><\/h3>[vc_column_text css=\u00a0\u00bb\u00a0\u00bb animation=\u00a0\u00bbgrve-fade-in-up-big\u00a0\u00bb animation_delay=\u00a0\u00bb400&Prime; animation_duration=\u00a0\u00bbslow\u00a0\u00bb]<\/p>\n<p style=\"text-align: center;\">\n            <span class=\"OYPEnA text-decoration-none text-strikethrough-none\">Prot\u00e9gez et domptez les cheveux contre les frisottis. Appliquez quelques gouttes sur les cheveux secs selon les besoins.<\/span>\n          <\/p>\n<p>[\/vc_column_text][\/vc_column][vc_column width=\u00a0\u00bb1\/3&Prime; text_align=\u00a0\u00bbcenter\u00a0\u00bb el_class=\u00a0\u00bbkt\u00a0\u00bb]<h3 class=\"grve-element grve-title grve-align-center grve-animated-item grve-duration-normal grve-fade-in-up grve-h3\" style=\"\" data-delay=\"600\"><span><br>\n<p style=\"text-align: center;\">\n            <span class=\"OYPEnA text-decoration-none text-strikethrough-none\">Traitement<\/span>\n          <br>\n<\/span><\/h3>[vc_column_text css=\u00a0\u00bb\u00a0\u00bb animation=\u00a0\u00bbgrve-fade-in-up-big\u00a0\u00bb animation_delay=\u00a0\u00bb600&Prime; animation_duration=\u00a0\u00bbslow\u00a0\u00bb]<\/p>\n<p style=\"text-align: center;\">\n            <span class=\"OYPEnA text-decoration-none text-strikethrough-none\">Appliquez sur les cheveux secs, les longueurs et les pointes, laissez agir pendant 10\/15 minutes. Appliquez quelques gouttes sur les cheveux secs si n\u00e9cessaire.<\/span>\n          <\/p>\n<p>[\/vc_column_text][\/vc_column][\/vc_row][vc_row padding_top_multiplier=\u00a0\u00bb6x\u00a0\u00bb padding_bottom_multiplier=\u00a0\u00bb6x\u00a0\u00bb columns_gap=\u00a0\u00bb60&Prime;][vc_column width=\u00a0\u00bb1\/6&Prime; tablet_sm_width=\u00a0\u00bbhide\u00a0\u00bb mobile_width=\u00a0\u00bbhide\u00a0\u00bb][\/vc_column][vc_column width=\u00a0\u00bb2\/3&Prime; tablet_sm_width=\u00a0\u00bb1&Prime;]<h2 class=\"grve-element grve-title grve-align-center grve-animated-item grve-duration-normal grve-fade-in-up grve-h3\" style=\"\" data-delay=\"200\"><span><strong>Ingr\u00e9dients principaux<\/strong><\/span><\/h2>[vc_column_text css=\u00a0\u00bb\u00a0\u00bb text_style=\u00a0\u00bbleader-text\u00a0\u00bb animation=\u00a0\u00bbgrve-fade-in-up\u00a0\u00bb animation_delay=\u00a0\u00bb400&Prime;]<\/p>\n<p style=\"text-align: center;\">Huile de noyau d&rsquo;Argania Spinosa<\/p>\n<p>[\/vc_column_text]<div class=\"grve-empty-space grve-height-1x\" style=\"\"><\/div>[\/vc_column][vc_column width=\u00a0\u00bb1\/6&Prime; tablet_sm_width=\u00a0\u00bbhide\u00a0\u00bb mobile_width=\u00a0\u00bbhide\u00a0\u00bb][\/vc_column][vc_column width=\u00a0\u00bb1\/3&Prime;]<div class=\"grve-element grve-box-icon grve-medium grve-top-icon grve-align-center grve-animated-item grve-fade-in-up grve-duration-normal\" style=\"\" data-delay=\"200\"><div class=\"grve-image-icon\"><img decoding=\"async\" width=\"512\" height=\"512\" src=\"https:\/\/ktmilano.com\/wp-content\/uploads\/2013\/06\/sls.png\" class=\"attachment-full size-full\" alt=\"SLS Free Vector\" srcset=\"https:\/\/ktmilano.com\/wp-content\/uploads\/2013\/06\/sls.png 512w, https:\/\/ktmilano.com\/wp-content\/uploads\/2013\/06\/sls-300x300.png 300w, https:\/\/ktmilano.com\/wp-content\/uploads\/2013\/06\/sls-150x150.png 150w, https:\/\/ktmilano.com\/wp-content\/uploads\/2013\/06\/sls-100x100.png 100w\" sizes=\"(max-width: 512px) 100vw, 512px\" \/><\/div><div class=\"grve-box-content\"><div class=\"grve-box-title-wrapper\"><h3 class=\"grve-box-title grve-h6\">Sans SLS<\/h3><\/div><\/div><\/div>[\/vc_column][vc_column width=\u00a0\u00bb1\/3&Prime;]<div class=\"grve-element grve-box-icon grve-medium grve-top-icon grve-align-center grve-animated-item grve-fade-in-up grve-duration-normal\" style=\"\" data-delay=\"400\"><div class=\"grve-image-icon\"><img decoding=\"async\" width=\"512\" height=\"512\" src=\"https:\/\/ktmilano.com\/wp-content\/uploads\/2013\/06\/paraben-free.png\" class=\"attachment-full size-full\" alt=\"Paraben Free Vector\" srcset=\"https:\/\/ktmilano.com\/wp-content\/uploads\/2013\/06\/paraben-free.png 512w, https:\/\/ktmilano.com\/wp-content\/uploads\/2013\/06\/paraben-free-300x300.png 300w, https:\/\/ktmilano.com\/wp-content\/uploads\/2013\/06\/paraben-free-150x150.png 150w, https:\/\/ktmilano.com\/wp-content\/uploads\/2013\/06\/paraben-free-100x100.png 100w\" sizes=\"(max-width: 512px) 100vw, 512px\" \/><\/div><div class=\"grve-box-content\"><div class=\"grve-box-title-wrapper\"><h3 class=\"grve-box-title grve-h6\">Sans parab\u00e8ne<\/h3><\/div><\/div><\/div>[\/vc_column][vc_column width=\u00a0\u00bb1\/3&Prime;]<div class=\"grve-element grve-box-icon grve-medium grve-top-icon grve-align-center grve-animated-item grve-fade-in-up grve-duration-normal\" style=\"\" data-delay=\"600\"><div class=\"grve-image-icon\"><img decoding=\"async\" width=\"512\" height=\"512\" src=\"https:\/\/ktmilano.com\/wp-content\/uploads\/2024\/04\/natural-ingredients.png\" class=\"attachment-full size-full\" alt=\"Natural Ingredients\" srcset=\"https:\/\/ktmilano.com\/wp-content\/uploads\/2024\/04\/natural-ingredients.png 512w, https:\/\/ktmilano.com\/wp-content\/uploads\/2024\/04\/natural-ingredients-300x300.png 300w, https:\/\/ktmilano.com\/wp-content\/uploads\/2024\/04\/natural-ingredients-150x150.png 150w, https:\/\/ktmilano.com\/wp-content\/uploads\/2024\/04\/natural-ingredients-100x100.png 100w\" sizes=\"(max-width: 512px) 100vw, 512px\" \/><\/div><div class=\"grve-box-content\"><div class=\"grve-box-title-wrapper\"><h3 class=\"grve-box-title grve-h6\">Vegan Freindly<\/h3><\/div><\/div><\/div>[\/vc_column][\/vc_row]<\/p>\n<\/div>","protected":false},"excerpt":{"rendered":"<p>La formule \u00e0 l&rsquo;huile d&rsquo;argan est con\u00e7ue pour \u00eatre rapidement absorb\u00e9e par les cheveux, sans laisser de r\u00e9sidus ind\u00e9sirables. Son m\u00e9lange unique d&rsquo;ingr\u00e9dients nourrissants conf\u00e8re \u00e0 vos cheveux un niveau in\u00e9gal\u00e9 de brillance, d&rsquo;\u00e9clat et de douceur soyeuse.<\/p>\n","protected":false},"featured_media":23501,"comment_status":"open","ping_status":"closed","template":"","meta":[],"product_brand":[],"product_cat":[374,210],"product_tag":[376,375,224],"class_list":{"0":"post-22127","1":"product","2":"type-product","3":"status-publish","4":"has-post-thumbnail","6":"product_cat-huile-dargan-pour-les-cheveux","7":"product_cat-meilleures-ventes","8":"product_tag-fabrique-en-italie","9":"product_tag-huile-dargan","10":"product_tag-soins-capillaires-fr","11":"pa_size-100-ml-fr","13":"first","14":"instock","15":"shipping-taxable","16":"purchasable","17":"product-type-simple"},"_links":{"self":[{"href":"https:\/\/ktmilano.com\/fr\/wp-json\/wp\/v2\/product\/22127","targetHints":{"allow":["GET"]}}],"collection":[{"href":"https:\/\/ktmilano.com\/fr\/wp-json\/wp\/v2\/product"}],"about":[{"href":"https:\/\/ktmilano.com\/fr\/wp-json\/wp\/v2\/types\/product"}],"replies":[{"embeddable":true,"href":"https:\/\/ktmilano.com\/fr\/wp-json\/wp\/v2\/comments?post=22127"}],"wp:featuredmedia":[{"embeddable":true,"href":"https:\/\/ktmilano.com\/fr\/wp-json\/wp\/v2\/media\/23501"}],"wp:attachment":[{"href":"https:\/\/ktmilano.com\/fr\/wp-json\/wp\/v2\/media?parent=22127"}],"wp:term":[{"taxonomy":"product_brand","embeddable":true,"href":"https:\/\/ktmilano.com\/fr\/wp-json\/wp\/v2\/product_brand?post=22127"},{"taxonomy":"product_cat","embeddable":true,"href":"https:\/\/ktmilano.com\/fr\/wp-json\/wp\/v2\/product_cat?post=22127"},{"taxonomy":"product_tag","embeddable":true,"href":"https:\/\/ktmilano.com\/fr\/wp-json\/wp\/v2\/product_tag?post=22127"}],"curies":[{"name":"wp","href":"https:\/\/api.w.org\/{rel}","templated":true}]}}