{"id":22149,"date":"2024-04-29T12:41:38","date_gmt":"2024-04-29T12:41:38","guid":{"rendered":"https:\/\/ktmilano.com\/blossom-pour-tous-types-de-cheveux\/"},"modified":"2024-06-19T14:17:51","modified_gmt":"2024-06-19T14:17:51","slug":"blossom-pour-tous-types-de-cheveux","status":"publish","type":"page","link":"https:\/\/ktmilano.com\/fr\/blossom-pour-tous-types-de-cheveux\/","title":{"rendered":"Blossom Pour tous types de cheveux"},"content":{"rendered":"<div class=\"wpb-content-wrapper\"><p>[vc_row heading_color=\u00a0\u00bbdark\u00a0\u00bb section_full_height=\u00a0\u00bbfullheight\u00a0\u00bb bg_type=\u00a0\u00bbimage\u00a0\u00bb bg_image=\u00a0\u00bb17198&Prime; bg_image_type=\u00a0\u00bbhorizontal-parallax-rl\u00a0\u00bb bg_image_size=\u00a0\u00bbfull\u00a0\u00bb color_overlay=\u00a0\u00bbdark\u00a0\u00bb font_color=\u00a0\u00bb#ffffff\u00a0\u00bb el_class=\u00a0\u00bbkt\u00a0\u00bb][vc_column width=\u00a0\u00bb1\/2&Prime;][\/vc_column][vc_column column_effect=\u00a0\u00bbmouse-move-x-y\u00a0\u00bb column_effect_invert=\u00a0\u00bbtrue\u00a0\u00bb width=\u00a0\u00bb1\/2&Prime;]<h1 class=\"grve-element grve-title grve-align-left grve-animated-item grve-duration-normal grve-fade-in-left grve-h1 grve-increase-heading grve-heading-180\" style=\"margin-bottom: 0px;\" data-delay=\"200\"><span>Blossom Pour tous types de cheveux<\/span><\/h1><div class=\"grve-empty-space grve-height-1x\" style=\"\"><\/div>[vc_column_text css=\u00a0\u00bb\u00a0\u00bb text_style=\u00a0\u00bbleader-text\u00a0\u00bb animation=\u00a0\u00bbgrve-fade-in-up\u00a0\u00bb animation_delay=\u00a0\u00bb600&Prime; el_class=\u00a0\u00bbkt\u00a0\u00bb]<span style=\"color: #000000;\">Les principales propri\u00e9t\u00e9s du set Blossom sont l&rsquo;hydratation et la nutrition, l&rsquo;augmentation du volume et de la fermet\u00e9, l&rsquo;am\u00e9lioration de la structure du cheveu et l&rsquo;am\u00e9lioration de la luminosit\u00e9.<\/span>[\/vc_column_text]<div class=\"grve-empty-space grve-height-2x\" style=\"\"><\/div><div class=\"grve-element grve-box-icon grve-small grve-side-icon grve-align-left grve-animated-item grve-fade-in-up grve-duration-normal grve-with-shape\" style=\"\" data-delay=\"1000\"><a href=\"https:\/\/themeforest.net\/item\/movedo-we-do-move-your-world\/17923709?ref=greatives\" target=\"_blank\" rel=\"noopener noreferrer\"><div class=\"grve-wrapper-icon grve-simple grve-circle grve-bg-primary-1\" style=\"\"><i class=\"grve-text-white smp-icon-arrow-right-circle\"><\/i><\/div><div class=\"grve-box-content\"><div class=\"grve-box-title-wrapper\"><h3 class=\"grve-box-title grve-h5\">Acc\u00e9der \u00e0 la boutique<\/h3><\/div><\/div><\/a><\/div>[\/vc_column][\/vc_row][vc_row section_type=\u00a0\u00bbfullwidth\u00a0\u00bb padding_top_multiplier=\u00a0\u00bb\u00a0\u00bb padding_bottom_multiplier=\u00a0\u00bb\u00a0\u00bb columns_gap=\u00a0\u00bbnone\u00a0\u00bb equal_column_height=\u00a0\u00bbmiddle-content\u00a0\u00bb][vc_column width=\u00a0\u00bb1\/2&Prime; css=\u00a0\u00bb.vc_custom_1715936039842{margin-left: 40% !important;background-image: url(https:\/\/ktmilano.com\/wp-content\/uploads\/2013\/06\/DSC02854-scaled.jpg?id=16605) !important;background-position: center !important;background-repeat: no-repeat !important;background-size: cover !important;}\u00a0\u00bb][\/vc_column][vc_column column_effect=\u00a0\u00bbmouse-move-x-y\u00a0\u00bb column_effect_limit=\u00a0\u00bb2x\u00a0\u00bb column_effect_invert=\u00a0\u00bbtrue\u00a0\u00bb width=\u00a0\u00bb1\/2&Prime; css=\u00a0\u00bb.vc_custom_1472576212808{padding-top: 27% !important;padding-right: 19% !important;padding-bottom: 27% !important;padding-left: 19% !important;}\u00a0\u00bb]<h2 class=\"grve-element grve-title grve-align-left grve-animated-item grve-duration-normal grve-fade-in-right grve-h1\" style=\"\" data-delay=\"200\"><span>Blossom Pour tous types de cheveux<\/span><\/h2><h3 class=\"grve-element grve-title grve-align-left grve-animated-item grve-duration-normal grve-fade-in-right grve-h6\" style=\"\" data-delay=\"400\"><span>d\u00e9couvrez-en plus sur KT Milano<\/span><\/h3>[vc_column_text css=\u00a0\u00bb\u00a0\u00bb animation=\u00a0\u00bbgrve-fade-in-right\u00a0\u00bb animation_delay=\u00a0\u00bb600&Prime; el_class=\u00a0\u00bbkt\u00a0\u00bb]blossom line a soigneusement s\u00e9lectionn\u00e9 la fleur exotique d&rsquo;Ylang Ylang, connue sous le nom de \u00ab\u00a0fleur des fleurs\u00a0\u00bb, issue de ce que la nature a de mieux \u00e0 offrir et r\u00e9put\u00e9e pour ses propri\u00e9t\u00e9s cosm\u00e9tiques et m\u00e9dicinales. Historiquement utilis\u00e9e comme rem\u00e8de th\u00e9rapeutique pour le cuir chevelu et la chute des cheveux, l&rsquo;essence captivante de l&rsquo;Ylang Ylang r\u00e9pand la sant\u00e9 et le bien-\u00eatre. Ses principales propri\u00e9t\u00e9s sont l&rsquo;hydratation et la nutrition, l&rsquo;augmentation du volume et de la fermet\u00e9, l&rsquo;am\u00e9lioration de la structure des cheveux et l&rsquo;am\u00e9lioration de la luminosit\u00e9.[\/vc_column_text]<div class=\"grve-element grve-divider grve-animated-item grve-fade-in-right grve-duration-normal grve-align-left\" style=\"padding-top: 30px;\" data-delay=\"800\"><span class=\"grve-custom-divider grve-bg-primary-1\" style=\"width: 100px;height: 5px;\"><\/span><\/div>[\/vc_column][\/vc_row][vc_row section_type=\u00a0\u00bbfullwidth\u00a0\u00bb padding_top_multiplier=\u00a0\u00bb\u00a0\u00bb padding_bottom_multiplier=\u00a0\u00bb\u00a0\u00bb columns_gap=\u00a0\u00bbnone\u00a0\u00bb equal_column_height=\u00a0\u00bbmiddle-content\u00a0\u00bb][vc_column column_effect=\u00a0\u00bbmouse-move-x-y\u00a0\u00bb column_effect_limit=\u00a0\u00bb2x\u00a0\u00bb column_effect_invert=\u00a0\u00bbtrue\u00a0\u00bb width=\u00a0\u00bb1\/2&Prime; css=\u00a0\u00bb.vc_custom_1472576212808{padding-top: 27% !important;padding-right: 19% !important;padding-bottom: 27% !important;padding-left: 19% !important;}\u00a0\u00bb]<h2 class=\"grve-element grve-title grve-align-left grve-animated-item grve-duration-normal grve-fade-in-left grve-h1\" style=\"\" data-delay=\"200\"><span><br>\n<h2 class=\"elementor-heading-title elementor-size-default\">Caract\u00e9ristiques des produits<\/h2>\n<\/span><\/h2><h3 class=\"grve-element grve-title grve-align-left grve-animated-item grve-duration-normal grve-fade-in-left grve-h6\" style=\"\" data-delay=\"400\"><span>Bienvenue chez KT Milano, o\u00f9 la beaut\u00e9 rencontre l&rsquo;int\u00e9grit\u00e9 !<\/span><\/h3>[vc_column_text css=\u00a0\u00bb\u00a0\u00bb animation=\u00a0\u00bbgrve-fade-in-left\u00a0\u00bb animation_delay=\u00a0\u00bb600&Prime;]Blossom, avec la fleur exclusive d&rsquo;Ylang-Ylang, transforme le soin des cheveux en apportant hydratation, nutrition, volume, fermet\u00e9, restructuration et brillance. L&rsquo;hydratation est essentielle pour tous les types de cheveux<\/p>\n<ol>\n<li><span style=\"font-family: inherit; font-size: inherit; font-style: inherit; font-variant-ligatures: inherit; font-variant-caps: inherit; font-weight: inherit;\">Sans sulfate<\/span><\/li>\n<li>Sans parab\u00e8ne<\/li>\n<li>Amis des animaux<\/li>\n<li>Sans SLS<\/li>\n<\/ol>\n<p>[\/vc_column_text]<div class=\"grve-element grve-divider grve-animated-item grve-fade-in-left grve-duration-normal grve-align-left\" style=\"padding-top: 30px;\" data-delay=\"800\"><span class=\"grve-custom-divider grve-bg-primary-1\" style=\"width: 100px;height: 5px;\"><\/span><\/div>[\/vc_column][vc_column width=\u00a0\u00bb1\/2&Prime; css=\u00a0\u00bb.vc_custom_1714389074624{background-color: #ffffff !important;background-position: center !important;background-repeat: no-repeat !important;background-size: cover !important;}\u00a0\u00bb]<div class=\"woocommerce columns-2 \"><div class=\"clear\"><\/div>\n<div class=\"grve-element grve-with-gap grve-product grve-isotope\" data-gutter-size=\"30\" data-layout=\"fitRows\" data-spiner=\"no\" data-columns-large-screen=\"2\" data-columns=\"2\" data-columns-tablet-landscape=\"2\" data-columns-tablet-portrait=\"2\" data-columns-mobile=\"1\">\n\t<div class=\"grve-product-container grve-isotope-container pl-loops\" data=\"isotope\">\n<div class=\"grve-isotope-item grve-product-item product type-product post-892 status-publish first instock product_cat-blossom-for-all-hair-type has-post-thumbnail shipping-taxable purchasable product-type-simple\">\n\n\t\n\t<div class=\"grve-isotope-item-inner grve-hover-item\">\n\t\t<div class=\"grve-product-added-icon grve-icon-shop grve-circle\"><\/div>\n\t\t<figure class=\"grve-image-hover grve-zoom-none\">\n\t\t\t<div class=\"grve-media\">\n\t\t\t\t<div class=\"grve-add-cart-wrapper\">\n\t\t\t\t\t<div class=\"grve-add-cart-button\">\n\t\t\t\t\t\t<a rel=\"nofollow\" href=\"\/fr\/wp-json\/wp\/v2\/pages\/22149?add-to-cart=892\" data-quantity=\"1\" data-product_id=\"892\" data-product_sku=\"\" class=\"product_type_simple add_to_cart_button ajax_add_to_cart\">Ajouter au panier<\/a>\t\t\t\t\t<\/div>\n\t\t\t\t<\/div>\n\t\t\t\t<a class=\"grve-item-url\" href=\"https:\/\/ktmilano.com\/fr\/produit\/blossom-mask\/\"><\/a>\n\t\t\t\t<div class=\"grve-bg-light grve-hover-overlay grve-opacity-90\"><\/div>\n\t\t\t\t<img decoding=\"async\" width=\"300\" height=\"300\" src=\"https:\/\/ktmilano.com\/wp-content\/uploads\/2013\/06\/Blossom-Mask-300x300.jpg\" class=\"attachment-medium size-medium\" alt=\"KT Milano Blossom Mask for nourishing and moisturizing hair care, premium hair treatment made in Italy.\" srcset=\"https:\/\/ktmilano.com\/wp-content\/uploads\/2013\/06\/Blossom-Mask-300x300.jpg 300w, https:\/\/ktmilano.com\/wp-content\/uploads\/2013\/06\/Blossom-Mask-150x150.jpg 150w, https:\/\/ktmilano.com\/wp-content\/uploads\/2013\/06\/Blossom-Mask-560x560.jpg 560w, https:\/\/ktmilano.com\/wp-content\/uploads\/2013\/06\/Blossom-Mask-100x100.jpg 100w, https:\/\/ktmilano.com\/wp-content\/uploads\/2013\/06\/Blossom-Mask.jpg 600w\" sizes=\"(max-width: 300px) 100vw, 300px\" \/>\t\t\t<\/div>\n\t\t\t<figcaption class=\"grve-content grve-align-center\">\n\t\t\t\t<a href=\"https:\/\/ktmilano.com\/fr\/produit\/blossom-mask\/\">\n\t\t\t\t\t<h3 class=\"grve-title grve-h6\">Blossom Mask<\/h3>\n\t\t\t\t<\/a>\n\t\t\t\t\n\t<span class=\"price\"><span class=\"woocommerce-Price-amount amount\"><bdi>27,00&nbsp;<span class=\"woocommerce-Price-currencySymbol\">&euro;<\/span><\/bdi><\/span><\/span>\n\t\t\t<\/figcaption>\n\t\t<\/figure>\n\t<\/div>\n\n\t\n<\/div>\n<div class=\"grve-isotope-item grve-product-item product type-product post-893 status-publish last instock product_cat-blossom-for-all-hair-type product_tag-blossom-for-all-hair-type product_tag-haircare product_tag-normal-hair has-post-thumbnail shipping-taxable purchasable product-type-simple\">\n\n\t\n\t<div class=\"grve-isotope-item-inner grve-hover-item\">\n\t\t<div class=\"grve-product-added-icon grve-icon-shop grve-circle\"><\/div>\n\t\t<figure class=\"grve-image-hover grve-zoom-none\">\n\t\t\t<div class=\"grve-media\">\n\t\t\t\t<div class=\"grve-add-cart-wrapper\">\n\t\t\t\t\t<div class=\"grve-add-cart-button\">\n\t\t\t\t\t\t<a rel=\"nofollow\" href=\"\/fr\/wp-json\/wp\/v2\/pages\/22149?add-to-cart=893\" data-quantity=\"1\" data-product_id=\"893\" data-product_sku=\"\" class=\"product_type_simple add_to_cart_button ajax_add_to_cart\">Ajouter au panier<\/a>\t\t\t\t\t<\/div>\n\t\t\t\t<\/div>\n\t\t\t\t<a class=\"grve-item-url\" href=\"https:\/\/ktmilano.com\/fr\/produit\/blossom-shampoo\/\"><\/a>\n\t\t\t\t<div class=\"grve-bg-light grve-hover-overlay grve-opacity-90\"><\/div>\n\t\t\t\t<img decoding=\"async\" width=\"300\" height=\"300\" src=\"https:\/\/ktmilano.com\/wp-content\/uploads\/2013\/06\/Blossom-Shampoo-300x300.jpg\" class=\"attachment-medium size-medium\" alt=\"KT Milano Blossom Shampoo for moisturizing, nourishing, and volumizing hair, premium hair care made in Italy.\" srcset=\"https:\/\/ktmilano.com\/wp-content\/uploads\/2013\/06\/Blossom-Shampoo-300x300.jpg 300w, https:\/\/ktmilano.com\/wp-content\/uploads\/2013\/06\/Blossom-Shampoo-150x150.jpg 150w, https:\/\/ktmilano.com\/wp-content\/uploads\/2013\/06\/Blossom-Shampoo-560x560.jpg 560w, https:\/\/ktmilano.com\/wp-content\/uploads\/2013\/06\/Blossom-Shampoo-100x100.jpg 100w, https:\/\/ktmilano.com\/wp-content\/uploads\/2013\/06\/Blossom-Shampoo.jpg 600w\" sizes=\"(max-width: 300px) 100vw, 300px\" \/>\t\t\t<\/div>\n\t\t\t<figcaption class=\"grve-content grve-align-center\">\n\t\t\t\t<a href=\"https:\/\/ktmilano.com\/fr\/produit\/blossom-shampoo\/\">\n\t\t\t\t\t<h3 class=\"grve-title grve-h6\">Blossom Shampoo<\/h3>\n\t\t\t\t<\/a>\n\t\t\t\t\n\t<span class=\"price\"><span class=\"woocommerce-Price-amount amount\"><bdi>26,00&nbsp;<span class=\"woocommerce-Price-currencySymbol\">&euro;<\/span><\/bdi><\/span><\/span>\n\t\t\t<\/figcaption>\n\t\t<\/figure>\n\t<\/div>\n\n\t\n<\/div>\n\t<\/div>\n<\/div>\n<\/div>[\/vc_column][\/vc_row][vc_row heading_color=\u00a0\u00bblight\u00a0\u00bb bg_type=\u00a0\u00bbcolor\u00a0\u00bb padding_top_multiplier=\u00a0\u00bb3x\u00a0\u00bb padding_bottom_multiplier=\u00a0\u00bb3x\u00a0\u00bb font_color=\u00a0\u00bb#161616&Prime; bg_color=\u00a0\u00bb#cbbeb3&Prime;][vc_column width=\u00a0\u00bb1\/12&Prime;][\/vc_column][vc_column width=\u00a0\u00bb5\/6&Prime;]<h3 class=\"grve-element grve-title grve-align-center grve-h2 grve-custom-font-1 kt grve-increase-heading grve-heading-120\" style=\"\"><span><br>\n<p style=\"text-align: center;\">Les principales propri\u00e9t\u00e9s de Blossom sont l&rsquo;hydratation et la nutrition, l&rsquo;augmentation du volume et de la fermet\u00e9, l&rsquo;am\u00e9lioration de la structure des cheveux et l&rsquo;am\u00e9lioration de la luminosit\u00e9.<br>\n<\/span><\/h3>[\/vc_column][vc_column width=\u00a0\u00bb1\/12&Prime;][\/vc_column][\/vc_row][vc_row section_type=\u00a0\u00bbfullwidth\u00a0\u00bb bg_type=\u00a0\u00bbcolor\u00a0\u00bb padding_top_multiplier=\u00a0\u00bb4x\u00a0\u00bb padding_bottom_multiplier=\u00a0\u00bb4x\u00a0\u00bb bg_color=\u00a0\u00bb#f8f8f8&Prime;][vc_column width=\u00a0\u00bb1\/4&Prime;][\/vc_column][vc_column width=\u00a0\u00bb1\/2&Prime;]<div class=\"grve-element grve-slogan grve-align-center\" style=\"\"><h2 class=\"grve-slogan-title grve-align-center grve-h3\"><span>Ingr\u00e9dients cl\u00e9s et bienfaits naturels<\/span><\/h2>  <p class=\"\">KT Milano : L\u00e0 o\u00f9 les ingr\u00e9dients naturels rencontrent l&rsquo;excellence en mati\u00e8re de soins capillaires<\/p><\/div><div class=\"grve-empty-space grve-height-1x\" style=\"\"><\/div>[\/vc_column][vc_column width=\u00a0\u00bb1\/4&Prime;][\/vc_column][vc_column column_effect=\u00a0\u00bbmouse-move-x-y\u00a0\u00bb width=\u00a0\u00bb1\/3&Prime; el_wrapper_class=\u00a0\u00bbgrve-drop-shadow\u00a0\u00bb css=\u00a0\u00bb.vc_custom_1472571065696{padding-right: 30px !important;padding-left: 30px !important;background-color: #ffffff !important;border-radius: 5px !important;}\u00a0\u00bb]<div class=\"grve-empty-space grve-height-2x\" style=\"\"><\/div><div class=\"grve-element grve-box-icon grve-medium grve-top-icon grve-align-center\" style=\"\"><div class=\"grve-image-icon\"><img decoding=\"async\" width=\"736\" height=\"736\" src=\"https:\/\/ktmilano.com\/wp-content\/uploads\/2013\/06\/Ylang-Ylang-Organic-Essential-Oil-100ml.jpeg\" class=\"attachment-full size-full\" alt=\"Ylang Ylang, Organic Essential Oil\" srcset=\"https:\/\/ktmilano.com\/wp-content\/uploads\/2013\/06\/Ylang-Ylang-Organic-Essential-Oil-100ml.jpeg 736w, https:\/\/ktmilano.com\/wp-content\/uploads\/2013\/06\/Ylang-Ylang-Organic-Essential-Oil-100ml-300x300.jpeg 300w, https:\/\/ktmilano.com\/wp-content\/uploads\/2013\/06\/Ylang-Ylang-Organic-Essential-Oil-100ml-150x150.jpeg 150w, https:\/\/ktmilano.com\/wp-content\/uploads\/2013\/06\/Ylang-Ylang-Organic-Essential-Oil-100ml-560x560.jpeg 560w, https:\/\/ktmilano.com\/wp-content\/uploads\/2013\/06\/Ylang-Ylang-Organic-Essential-Oil-100ml-600x600.jpeg 600w, https:\/\/ktmilano.com\/wp-content\/uploads\/2013\/06\/Ylang-Ylang-Organic-Essential-Oil-100ml-100x100.jpeg 100w\" sizes=\"(max-width: 736px) 100vw, 736px\" \/><\/div><div class=\"grve-box-content\"><div class=\"grve-box-title-wrapper\"><h3 class=\"grve-box-title grve-h5\">Huile essentielle d&#039;Ylang-Ylang<\/h3><\/div>  <p class=\"\">Conditionneur naturel, hydrate et nourrit les cheveux, en augmentant leur volume et leur consistance.<\/p><\/div><\/div><div class=\"grve-empty-space grve-height-2x\" style=\"\"><\/div>[\/vc_column][vc_column column_effect=\u00a0\u00bbmouse-move-x-y\u00a0\u00bb column_effect_sensitive=\u00a0\u00bbnormal\u00a0\u00bb column_effect_limit=\u00a0\u00bb3x\u00a0\u00bb width=\u00a0\u00bb1\/3&Prime; css=\u00a0\u00bb.vc_custom_1472571244757{padding-right: 30px !important;padding-left: 30px !important;background-color: #ffffff !important;border-radius: 5px !important;}\u00a0\u00bb el_wrapper_class=\u00a0\u00bbgrve-drop-shadow\u00a0\u00bb z_index=\u00a0\u00bb5&Prime;]<div class=\"grve-empty-space grve-height-2x\" style=\"\"><\/div><div class=\"grve-element grve-box-icon grve-medium grve-top-icon grve-align-center\" style=\"\"><div class=\"grve-image-icon\"><img decoding=\"async\" width=\"1080\" height=\"1080\" src=\"https:\/\/ktmilano.com\/wp-content\/uploads\/2013\/06\/Untitled-design-11.png\" class=\"attachment-full size-full\" alt=\"A delicate eucalyptus branch with rounded green leaves arranged on a white background, showcasing natural beauty and simplicity.\" srcset=\"https:\/\/ktmilano.com\/wp-content\/uploads\/2013\/06\/Untitled-design-11.png 1080w, https:\/\/ktmilano.com\/wp-content\/uploads\/2013\/06\/Untitled-design-11-300x300.png 300w, https:\/\/ktmilano.com\/wp-content\/uploads\/2013\/06\/Untitled-design-11-1024x1024.png 1024w, https:\/\/ktmilano.com\/wp-content\/uploads\/2013\/06\/Untitled-design-11-150x150.png 150w, https:\/\/ktmilano.com\/wp-content\/uploads\/2013\/06\/Untitled-design-11-768x768.png 768w, https:\/\/ktmilano.com\/wp-content\/uploads\/2013\/06\/Untitled-design-11-560x560.png 560w, https:\/\/ktmilano.com\/wp-content\/uploads\/2013\/06\/Untitled-design-11-900x900.png 900w, https:\/\/ktmilano.com\/wp-content\/uploads\/2013\/06\/Untitled-design-11-600x600.png 600w, https:\/\/ktmilano.com\/wp-content\/uploads\/2013\/06\/Untitled-design-11-100x100.png 100w\" sizes=\"(max-width: 1080px) 100vw, 1080px\" \/><\/div><div class=\"grve-box-content\"><div class=\"grve-box-title-wrapper\"><h3 class=\"grve-box-title grve-h5\">Huile de feuilles d&#039;eucalyptus<\/h3><\/div>  <p class=\"\">Riche en principes actifs aux propri\u00e9t\u00e9s rafra\u00eechissantes, antiseptiques et balsamiques.<\/p><\/div><\/div><div class=\"grve-empty-space grve-height-2x\" style=\"\"><\/div>[\/vc_column][vc_column column_effect=\u00a0\u00bbmouse-move-x-y\u00a0\u00bb width=\u00a0\u00bb1\/3&Prime; css=\u00a0\u00bb.vc_custom_1472571051465{padding-right: 30px !important;padding-left: 30px !important;background-color: #ffffff !important;border-radius: 5px !important;}\u00a0\u00bb el_wrapper_class=\u00a0\u00bbgrve-drop-shadow\u00a0\u00bb]<div class=\"grve-empty-space grve-height-2x\" style=\"\"><\/div><div class=\"grve-element grve-box-icon grve-medium grve-top-icon grve-align-center\" style=\"\"><div class=\"grve-image-icon\"><img decoding=\"async\" width=\"626\" height=\"1024\" src=\"https:\/\/ktmilano.com\/wp-content\/uploads\/2013\/06\/Premium-Photo-_-Oat-flakes.jpeg\" class=\"attachment-full size-full\" alt=\"Premium Photo _ Oat flakes\" srcset=\"https:\/\/ktmilano.com\/wp-content\/uploads\/2013\/06\/Premium-Photo-_-Oat-flakes.jpeg 626w, https:\/\/ktmilano.com\/wp-content\/uploads\/2013\/06\/Premium-Photo-_-Oat-flakes-183x300.jpeg 183w, https:\/\/ktmilano.com\/wp-content\/uploads\/2013\/06\/Premium-Photo-_-Oat-flakes-600x981.jpeg 600w\" sizes=\"(max-width: 626px) 100vw, 626px\" \/><\/div><div class=\"grve-box-content\"><div class=\"grve-box-title-wrapper\"><h3 class=\"grve-box-title grve-h5\">M\u00e9lange d&#039;acides amin\u00e9s<\/h3><\/div>  <p class=\"\">Hydrate, renforce la structure du cheveu, prot\u00e8ge la couleur et renouvelle l&rsquo;\u00e9clat.<\/p><\/div><\/div><div class=\"grve-empty-space grve-height-2x\" style=\"\"><\/div>[\/vc_column][\/vc_row][vc_row padding_top_multiplier=\u00a0\u00bb6x\u00a0\u00bb padding_bottom_multiplier=\u00a0\u00bb6x\u00a0\u00bb columns_gap=\u00a0\u00bb60&Prime;][vc_column width=\u00a0\u00bb1\/6&Prime; tablet_sm_width=\u00a0\u00bbhide\u00a0\u00bb mobile_width=\u00a0\u00bbhide\u00a0\u00bb][\/vc_column][vc_column width=\u00a0\u00bb2\/3&Prime; tablet_sm_width=\u00a0\u00bb1&Prime;]<h2 class=\"grve-element grve-title grve-align-center grve-animated-item grve-duration-normal grve-fade-in-up grve-h3\" style=\"\" data-delay=\"200\"><span><br>\n<p style=\"text-align: center;\"><span class=\"OYPEnA text-decoration-none text-strikethrough-none\">Notre engagement en faveur de l&rsquo;environnement<\/span><br>\n<\/span><\/h2>[vc_column_text css=\u00a0\u00bb\u00a0\u00bb text_style=\u00a0\u00bbleader-text\u00a0\u00bb animation=\u00a0\u00bbgrve-fade-in-up\u00a0\u00bb animation_delay=\u00a0\u00bb400&Prime;][\/vc_column_text]<div class=\"grve-empty-space grve-height-1x\" style=\"\"><\/div>[\/vc_column][vc_column width=\u00a0\u00bb1\/6&Prime; tablet_sm_width=\u00a0\u00bbhide\u00a0\u00bb mobile_width=\u00a0\u00bbhide\u00a0\u00bb][\/vc_column][vc_column width=\u00a0\u00bb1\/3&Prime;]<div class=\"grve-element grve-box-icon grve-medium grve-top-icon grve-align-center grve-animated-item grve-fade-in-up grve-duration-normal\" style=\"\" data-delay=\"200\"><div class=\"grve-image-icon\"><img decoding=\"async\" width=\"512\" height=\"512\" src=\"https:\/\/ktmilano.com\/wp-content\/uploads\/2013\/06\/sls.png\" class=\"attachment-full size-full\" alt=\"SLS Free Vector\" srcset=\"https:\/\/ktmilano.com\/wp-content\/uploads\/2013\/06\/sls.png 512w, https:\/\/ktmilano.com\/wp-content\/uploads\/2013\/06\/sls-300x300.png 300w, https:\/\/ktmilano.com\/wp-content\/uploads\/2013\/06\/sls-150x150.png 150w, https:\/\/ktmilano.com\/wp-content\/uploads\/2013\/06\/sls-100x100.png 100w\" sizes=\"(max-width: 512px) 100vw, 512px\" \/><\/div><div class=\"grve-box-content\"><div class=\"grve-box-title-wrapper\"><h3 class=\"grve-box-title grve-h6\">Sans SLS<\/h3><\/div><\/div><\/div>[\/vc_column][vc_column width=\u00a0\u00bb1\/3&Prime;]<div class=\"grve-element grve-box-icon grve-medium grve-top-icon grve-align-center grve-animated-item grve-fade-in-up grve-duration-normal\" style=\"\" data-delay=\"400\"><div class=\"grve-image-icon\"><img decoding=\"async\" width=\"512\" height=\"512\" src=\"https:\/\/ktmilano.com\/wp-content\/uploads\/2013\/06\/paraben-free.png\" class=\"attachment-full size-full\" alt=\"Paraben Free Vector\" srcset=\"https:\/\/ktmilano.com\/wp-content\/uploads\/2013\/06\/paraben-free.png 512w, https:\/\/ktmilano.com\/wp-content\/uploads\/2013\/06\/paraben-free-300x300.png 300w, https:\/\/ktmilano.com\/wp-content\/uploads\/2013\/06\/paraben-free-150x150.png 150w, https:\/\/ktmilano.com\/wp-content\/uploads\/2013\/06\/paraben-free-100x100.png 100w\" sizes=\"(max-width: 512px) 100vw, 512px\" \/><\/div><div class=\"grve-box-content\"><div class=\"grve-box-title-wrapper\"><h3 class=\"grve-box-title grve-h6\">Sans parab\u00e8ne<\/h3><\/div><\/div><\/div>[\/vc_column][vc_column width=\u00a0\u00bb1\/3&Prime;]<div class=\"grve-element grve-box-icon grve-medium grve-top-icon grve-align-center grve-animated-item grve-fade-in-up grve-duration-normal\" style=\"\" data-delay=\"600\"><div class=\"grve-image-icon\"><img decoding=\"async\" width=\"512\" height=\"512\" src=\"https:\/\/ktmilano.com\/wp-content\/uploads\/2024\/04\/natural-ingredients.png\" class=\"attachment-full size-full\" alt=\"Natural Ingredients\" srcset=\"https:\/\/ktmilano.com\/wp-content\/uploads\/2024\/04\/natural-ingredients.png 512w, https:\/\/ktmilano.com\/wp-content\/uploads\/2024\/04\/natural-ingredients-300x300.png 300w, https:\/\/ktmilano.com\/wp-content\/uploads\/2024\/04\/natural-ingredients-150x150.png 150w, https:\/\/ktmilano.com\/wp-content\/uploads\/2024\/04\/natural-ingredients-100x100.png 100w\" sizes=\"(max-width: 512px) 100vw, 512px\" \/><\/div><div class=\"grve-box-content\"><div class=\"grve-box-title-wrapper\"><h3 class=\"grve-box-title grve-h6\">Vegan Freindly<\/h3><\/div><\/div><\/div>[\/vc_column][\/vc_row]<\/p>\n<\/div>","protected":false},"excerpt":{"rendered":"<p>Eu homero honestatis necessitatibus sit, latine omittam qualisque in sea, appetere suavitate ad eos. Bonorum tibique nam at, maiorum partiendo euripidis nam ut. An eos cibo regione abhorreant. Diam velit aliquam his et, quot everti et est. In nec erat regione commune, eirmod copiosae dissentias has id. Ad his fugit regione commune.<\/p>\n","protected":false},"author":1,"featured_media":0,"parent":0,"menu_order":0,"comment_status":"closed","ping_status":"closed","template":"","meta":{"footnotes":""},"class_list":["post-22149","page","type-page","status-publish","hentry"],"_links":{"self":[{"href":"https:\/\/ktmilano.com\/fr\/wp-json\/wp\/v2\/pages\/22149","targetHints":{"allow":["GET"]}}],"collection":[{"href":"https:\/\/ktmilano.com\/fr\/wp-json\/wp\/v2\/pages"}],"about":[{"href":"https:\/\/ktmilano.com\/fr\/wp-json\/wp\/v2\/types\/page"}],"author":[{"embeddable":true,"href":"https:\/\/ktmilano.com\/fr\/wp-json\/wp\/v2\/users\/1"}],"replies":[{"embeddable":true,"href":"https:\/\/ktmilano.com\/fr\/wp-json\/wp\/v2\/comments?post=22149"}],"version-history":[{"count":0,"href":"https:\/\/ktmilano.com\/fr\/wp-json\/wp\/v2\/pages\/22149\/revisions"}],"wp:attachment":[{"href":"https:\/\/ktmilano.com\/fr\/wp-json\/wp\/v2\/media?parent=22149"}],"curies":[{"name":"wp","href":"https:\/\/api.w.org\/{rel}","templated":true}]}}