{"id":22137,"date":"2024-04-29T13:17:42","date_gmt":"2024-04-29T13:17:42","guid":{"rendered":"https:\/\/ktmilano.com\/huile-dargan-pour-les-cheveux\/"},"modified":"2024-06-19T14:16:48","modified_gmt":"2024-06-19T14:16:48","slug":"huile-dargan-pour-les-cheveux","status":"publish","type":"page","link":"https:\/\/ktmilano.com\/fr\/huile-dargan-pour-les-cheveux\/","title":{"rendered":"Huile d&rsquo;argan pour les cheveux"},"content":{"rendered":"<div class=\"wpb-content-wrapper\"><p>[vc_row heading_color=\u00a0\u00bbdark\u00a0\u00bb section_full_height=\u00a0\u00bbfullheight\u00a0\u00bb bg_type=\u00a0\u00bbimage\u00a0\u00bb bg_image=\u00a0\u00bb17214&Prime; bg_image_type=\u00a0\u00bbhorizontal-parallax-rl\u00a0\u00bb bg_image_size=\u00a0\u00bbfull\u00a0\u00bb color_overlay=\u00a0\u00bbdark\u00a0\u00bb font_color=\u00a0\u00bb#ffffff\u00a0\u00bb el_class=\u00a0\u00bbkt\u00a0\u00bb][vc_column width=\u00a0\u00bb1\/2&Prime;][\/vc_column][vc_column column_effect=\u00a0\u00bbmouse-move-x-y\u00a0\u00bb column_effect_invert=\u00a0\u00bbtrue\u00a0\u00bb width=\u00a0\u00bb1\/2&Prime;]<h1 class=\"grve-element grve-title grve-align-left grve-animated-item grve-duration-normal grve-fade-in-left grve-h1 grve-increase-heading grve-heading-180\" style=\"margin-bottom: 0px;\" data-delay=\"200\"><span>Huile d&rsquo;argan pour les cheveux<\/span><\/h1><div class=\"grve-empty-space grve-height-1x\" style=\"\"><\/div>[vc_column_text css=\u00a0\u00bb\u00a0\u00bb text_style=\u00a0\u00bbleader-text\u00a0\u00bb animation=\u00a0\u00bbgrve-fade-in-up\u00a0\u00bb animation_delay=\u00a0\u00bb600&Prime; el_class=\u00a0\u00bbkt\u00a0\u00bb]<span style=\"color: #000000;\">Cette cat\u00e9gorie pourrait inclure des produits \u00e0 base d&rsquo;huile d&rsquo;argan connus pour leurs propri\u00e9t\u00e9s hydratantes et nourrissantes, tels que l&rsquo;huile d&rsquo;argan pure et les produits de soins capillaires tels que les shampooings, les apr\u00e8s-shampooings et les produits de coiffage.<\/span>[\/vc_column_text]<div class=\"grve-empty-space grve-height-2x\" style=\"\"><\/div><div class=\"grve-element grve-box-icon grve-small grve-side-icon grve-align-left grve-animated-item grve-fade-in-up grve-duration-normal grve-with-shape\" style=\"\" data-delay=\"1000\"><a href=\"https:\/\/ktmilano.com\/shop\/\" target=\"_blank\" rel=\"noopener noreferrer\"><div class=\"grve-wrapper-icon grve-simple grve-circle grve-bg-primary-1\" style=\"\"><i class=\"grve-text-white smp-icon-arrow-right-circle\"><\/i><\/div><div class=\"grve-box-content\"><div class=\"grve-box-title-wrapper\"><h3 class=\"grve-box-title grve-h5\">Acc\u00e9der \u00e0 la boutique<\/h3><\/div><\/div><\/a><\/div>[\/vc_column][\/vc_row][vc_row section_type=\u00a0\u00bbfullwidth\u00a0\u00bb padding_top_multiplier=\u00a0\u00bb\u00a0\u00bb padding_bottom_multiplier=\u00a0\u00bb\u00a0\u00bb columns_gap=\u00a0\u00bbnone\u00a0\u00bb equal_column_height=\u00a0\u00bbmiddle-content\u00a0\u00bb][vc_column width=\u00a0\u00bb1\/2&Prime; css=\u00a0\u00bb.vc_custom_1714396770421{background-image: url(https:\/\/ktmilano.it\/wp-content\/uploads\/2024\/04\/IMAGE-1402-11-06-102540.jpg?id=17033) !important;background-position: center !important;background-repeat: no-repeat !important;background-size: cover !important;}\u00a0\u00bb]<div class=\"grve-element grve-image grve-align-center\" style=\"\">  <div class=\"grve-image-wrapper\"><img decoding=\"async\" width=\"1894\" height=\"1440\" src=\"https:\/\/ktmilano.com\/wp-content\/uploads\/2024\/04\/DSC02809-copy-2-scaled-e1715933358951.jpg\" class=\"attachment-full size-full\" alt=\"KT Milano Argan Oil bottles stacked artistically, reflecting premium Italian hair care with nourishing oil for all hair types.\" srcset=\"https:\/\/ktmilano.com\/wp-content\/uploads\/2024\/04\/DSC02809-copy-2-scaled-e1715933358951.jpg 1894w, https:\/\/ktmilano.com\/wp-content\/uploads\/2024\/04\/DSC02809-copy-2-scaled-e1715933358951-300x228.jpg 300w, https:\/\/ktmilano.com\/wp-content\/uploads\/2024\/04\/DSC02809-copy-2-scaled-e1715933358951-768x584.jpg 768w, https:\/\/ktmilano.com\/wp-content\/uploads\/2024\/04\/DSC02809-copy-2-scaled-e1715933358951-1024x779.jpg 1024w, https:\/\/ktmilano.com\/wp-content\/uploads\/2024\/04\/DSC02809-copy-2-scaled-e1715933358951-1536x1168.jpg 1536w, https:\/\/ktmilano.com\/wp-content\/uploads\/2024\/04\/DSC02809-copy-2-scaled-e1715933358951-600x456.jpg 600w\" sizes=\"(max-width: 1894px) 100vw, 1894px\" \/>   <\/div><\/div>[\/vc_column][vc_column column_effect=\u00a0\u00bbmouse-move-x-y\u00a0\u00bb column_effect_limit=\u00a0\u00bb2x\u00a0\u00bb column_effect_invert=\u00a0\u00bbtrue\u00a0\u00bb width=\u00a0\u00bb1\/2&Prime; css=\u00a0\u00bb.vc_custom_1472576212808{padding-top: 27% !important;padding-right: 19% !important;padding-bottom: 27% !important;padding-left: 19% !important;}\u00a0\u00bb]<h2 class=\"grve-element grve-title grve-align-left grve-animated-item grve-duration-normal grve-fade-in-right grve-h1\" style=\"\" data-delay=\"200\"><span>Huile d&rsquo;argan pour les cheveux<\/span><\/h2><h3 class=\"grve-element grve-title grve-align-left grve-animated-item grve-duration-normal grve-fade-in-right grve-h6\" style=\"\" data-delay=\"400\"><span>d\u00e9couvrez-en plus sur KT Milano<\/span><\/h3>[vc_column_text css=\u00a0\u00bb\u00a0\u00bb animation=\u00a0\u00bbgrve-fade-in-right\u00a0\u00bb animation_delay=\u00a0\u00bb600&Prime; el_class=\u00a0\u00bbkt\u00a0\u00bb]D\u00e9couvrez le pouvoir de l&rsquo;huile d&rsquo;argan pour cheveux de KT MILANO &#8211; la solution ultime pour des cheveux nourris, revitalis\u00e9s et soyeux. Infus\u00e9e d&rsquo;ingr\u00e9dients naturels de premi\u00e8re qualit\u00e9, notre huile d&rsquo;argan est un compl\u00e9ment indispensable \u00e0 votre routine de soins capillaires. Dites adieu aux mauvais jours et bonjour aux cheveux magnifiques et faciles \u00e0 coiffer gr\u00e2ce \u00e0 l&rsquo;huile d&rsquo;argan pour les cheveux de KT MILANO.[\/vc_column_text]<div class=\"grve-element grve-divider grve-animated-item grve-fade-in-right grve-duration-normal grve-align-left\" style=\"padding-top: 30px;\" data-delay=\"800\"><span class=\"grve-custom-divider grve-bg-primary-1\" style=\"width: 100px;height: 5px;\"><\/span><\/div>[\/vc_column][\/vc_row][vc_row section_type=\u00a0\u00bbfullwidth\u00a0\u00bb padding_top_multiplier=\u00a0\u00bb\u00a0\u00bb padding_bottom_multiplier=\u00a0\u00bb\u00a0\u00bb columns_gap=\u00a0\u00bbnone\u00a0\u00bb equal_column_height=\u00a0\u00bbmiddle-content\u00a0\u00bb][vc_column column_effect=\u00a0\u00bbmouse-move-x-y\u00a0\u00bb column_effect_limit=\u00a0\u00bb2x\u00a0\u00bb column_effect_invert=\u00a0\u00bbtrue\u00a0\u00bb width=\u00a0\u00bb1\/2&Prime; css=\u00a0\u00bb.vc_custom_1472576212808{padding-top: 27% !important;padding-right: 19% !important;padding-bottom: 27% !important;padding-left: 19% !important;}\u00a0\u00bb]<h2 class=\"grve-element grve-title grve-align-left grve-animated-item grve-duration-normal grve-fade-in-left grve-h1\" style=\"\" data-delay=\"200\"><span><br>\n<h2 class=\"elementor-heading-title elementor-size-default\">Caract\u00e9ristiques du produit<\/h2>\n<\/span><\/h2><h3 class=\"grve-element grve-title grve-align-left grve-animated-item grve-duration-normal grve-fade-in-left grve-h6\" style=\"\" data-delay=\"400\"><span>Bienvenue chez KT Milano, o\u00f9 la beaut\u00e9 rencontre l&rsquo;int\u00e9grit\u00e9 !<\/span><\/h3>[vc_column_text css=\u00a0\u00bb\u00a0\u00bb animation=\u00a0\u00bbgrve-fade-in-left\u00a0\u00bb animation_delay=\u00a0\u00bb600&Prime;]L&rsquo;huile d&rsquo;argan p\u00e9n\u00e8tre rapidement et apporte brillance, \u00e9clat et douceur. Permet un conditionnement en profondeur, un contr\u00f4le des frisottis, la pr\u00e9vention des pointes fourchues et la sant\u00e9 du cuir chevelu.<\/p>\n<ol>\n<li><span style=\"font-family: inherit; font-size: inherit; font-style: inherit; font-variant-ligatures: inherit; font-variant-caps: inherit; font-weight: inherit;\">Sans sulfate<\/span><\/li>\n<li>Sans parab\u00e8ne<\/li>\n<li>Amis des animaux<\/li>\n<li>Sans SLS<\/li>\n<\/ol>\n<p>[\/vc_column_text]<div class=\"grve-element grve-divider grve-animated-item grve-fade-in-left grve-duration-normal grve-align-left\" style=\"padding-top: 30px;\" data-delay=\"800\"><span class=\"grve-custom-divider grve-bg-primary-1\" style=\"width: 100px;height: 5px;\"><\/span><\/div>[\/vc_column][vc_column width=\u00a0\u00bb1\/2&Prime; css=\u00a0\u00bb.vc_custom_1714389074624{background-color: #ffffff !important;background-position: center !important;background-repeat: no-repeat !important;background-size: cover !important;}\u00a0\u00bb]<div class=\"woocommerce columns-2 \"><div class=\"clear\"><\/div>\n<div class=\"grve-element grve-with-gap grve-product grve-isotope\" data-gutter-size=\"30\" data-layout=\"fitRows\" data-spiner=\"no\" data-columns-large-screen=\"2\" data-columns=\"2\" data-columns-tablet-landscape=\"2\" data-columns-tablet-portrait=\"2\" data-columns-mobile=\"1\">\n\t<div class=\"grve-product-container grve-isotope-container pl-loops\" data=\"isotope\">\n<div class=\"grve-isotope-item grve-product-item product type-product post-22127 status-publish first instock product_cat-huile-dargan-pour-les-cheveux product_cat-meilleures-ventes product_tag-fabrique-en-italie product_tag-huile-dargan product_tag-soins-capillaires-fr has-post-thumbnail shipping-taxable purchasable product-type-simple\">\n\n\t\n\t<div class=\"grve-isotope-item-inner grve-hover-item\">\n\t\t<div class=\"grve-product-added-icon grve-icon-shop grve-circle\"><\/div>\n\t\t<figure class=\"grve-image-hover grve-zoom-none\">\n\t\t\t<div class=\"grve-media\">\n\t\t\t\t<div class=\"grve-add-cart-wrapper\">\n\t\t\t\t\t<div class=\"grve-add-cart-button\">\n\t\t\t\t\t\t<a rel=\"nofollow\" href=\"\/fr\/wp-json\/wp\/v2\/pages\/22137?add-to-cart=22127\" data-quantity=\"1\" data-product_id=\"22127\" data-product_sku=\"\" class=\"product_type_simple add_to_cart_button ajax_add_to_cart\">Ajouter au panier<\/a>\t\t\t\t\t<\/div>\n\t\t\t\t<\/div>\n\t\t\t\t<a class=\"grve-item-url\" href=\"https:\/\/ktmilano.com\/fr\/produit\/huile-dargan\/\"><\/a>\n\t\t\t\t<div class=\"grve-bg-light grve-hover-overlay grve-opacity-90\"><\/div>\n\t\t\t\t<img decoding=\"async\" width=\"300\" height=\"300\" src=\"https:\/\/ktmilano.com\/wp-content\/uploads\/2013\/06\/New-Project-23-2-300x300.png\" class=\"attachment-medium size-medium\" alt=\"Huile d&#039;argan\" srcset=\"https:\/\/ktmilano.com\/wp-content\/uploads\/2013\/06\/New-Project-23-2-300x300.png 300w, https:\/\/ktmilano.com\/wp-content\/uploads\/2013\/06\/New-Project-23-2-150x150.png 150w, https:\/\/ktmilano.com\/wp-content\/uploads\/2013\/06\/New-Project-23-2-100x100.png 100w, https:\/\/ktmilano.com\/wp-content\/uploads\/2013\/06\/New-Project-23-2.png 500w\" sizes=\"(max-width: 300px) 100vw, 300px\" \/>\t\t\t<\/div>\n\t\t\t<figcaption class=\"grve-content grve-align-center\">\n\t\t\t\t<a href=\"https:\/\/ktmilano.com\/fr\/produit\/huile-dargan\/\">\n\t\t\t\t\t<h3 class=\"grve-title grve-h6\">Huile d&rsquo;argan<\/h3>\n\t\t\t\t<\/a>\n\t\t\t\t\n\t<span class=\"price\"><span class=\"woocommerce-Price-amount amount\"><bdi>40,00&nbsp;<span class=\"woocommerce-Price-currencySymbol\">&euro;<\/span><\/bdi><\/span><\/span>\n\t\t\t<\/figcaption>\n\t\t<\/figure>\n\t<\/div>\n\n\t\n<\/div>\n\t<\/div>\n<\/div>\n<\/div>[\/vc_column][\/vc_row][vc_row heading_color=\u00a0\u00bblight\u00a0\u00bb bg_type=\u00a0\u00bbcolor\u00a0\u00bb padding_top_multiplier=\u00a0\u00bb3x\u00a0\u00bb padding_bottom_multiplier=\u00a0\u00bb3x\u00a0\u00bb font_color=\u00a0\u00bb#161616&Prime; bg_color=\u00a0\u00bb#cbbeb3&Prime;][vc_column width=\u00a0\u00bb1\/12&Prime;][\/vc_column][vc_column width=\u00a0\u00bb5\/6&Prime;]<h3 class=\"grve-element grve-title grve-align-center grve-h2 grve-custom-font-1 kt grve-increase-heading grve-heading-120\" style=\"\"><span><br>\n<p style=\"text-align: center;\">L&rsquo;huile d&rsquo;argan p\u00e9n\u00e8tre rapidement et apporte brillance, \u00e9clat et douceur.<br>\n<\/span><\/h3>[\/vc_column][vc_column width=\u00a0\u00bb1\/12&Prime;][\/vc_column][\/vc_row][vc_row padding_top_multiplier=\u00a0\u00bb4x\u00a0\u00bb padding_bottom_multiplier=\u00a0\u00bb4x\u00a0\u00bb section_id=\u00a0\u00bbhow-we-work\u00a0\u00bb][vc_column]<div class=\"grve-element grve-slogan grve-align-center\" style=\"\"><h3 class=\"grve-slogan-title grve-align-center grve-h1\"><span>Comment l&#039;utiliser<\/span><\/h3>  <p class=\"grve-leader-text\">Suivez ces \u00e9tapes simples pour profiter au maximum des avantages.<\/p><\/div>[\/vc_column][vc_column]<div class=\"grve-empty-space grve-height-1x\" style=\"\"><\/div>[\/vc_column][vc_column width=\u00a0\u00bb1\/3&Prime; text_align=\u00a0\u00bbcenter\u00a0\u00bb el_class=\u00a0\u00bbkt\u00a0\u00bb]<h3 class=\"grve-element grve-title grve-align-center grve-animated-item grve-duration-normal grve-fade-in-up grve-h3\" style=\"\" data-delay=\"200\"><span><br>\n<p style=\"text-align: center;\"><span class=\"OYPEnA text-decoration-none text-strikethrough-none\">Stylisme<\/span><br>\n<\/span><\/h3>[vc_column_text css=\u00a0\u00bb\u00a0\u00bb animation=\u00a0\u00bbgrve-fade-in-up-big\u00a0\u00bb animation_duration=\u00a0\u00bbslow\u00a0\u00bb]<\/p>\n<p style=\"text-align: center;\"><span class=\"OYPEnA text-decoration-none text-strikethrough-none\">Apr\u00e8s le shampooing, appliquez sur les cheveux mouill\u00e9s et coiffez comme d&rsquo;habitude.<\/span><\/p>\n<p>[\/vc_column_text][\/vc_column][vc_column width=\u00a0\u00bb1\/3&Prime; text_align=\u00a0\u00bbcenter\u00a0\u00bb el_class=\u00a0\u00bbkt\u00a0\u00bb]<h3 class=\"grve-element grve-title grve-align-center grve-animated-item grve-duration-normal grve-fade-in-up grve-h3\" style=\"\" data-delay=\"400\"><span><br>\n<p style=\"text-align: center;\"><span class=\"OYPEnA text-decoration-none text-strikethrough-none\">Protection de l&rsquo;environnement<\/span><br>\n<\/span><\/h3>[vc_column_text css=\u00a0\u00bb\u00a0\u00bb animation=\u00a0\u00bbgrve-fade-in-up-big\u00a0\u00bb animation_delay=\u00a0\u00bb400&Prime; animation_duration=\u00a0\u00bbslow\u00a0\u00bb]<\/p>\n<p style=\"text-align: center;\"><span class=\"OYPEnA text-decoration-none text-strikethrough-none\">Prot\u00e9gez et domptez les cheveux contre les frisottis. Appliquez quelques gouttes sur les cheveux secs selon les besoins.<\/span><\/p>\n<p>[\/vc_column_text][\/vc_column][vc_column width=\u00a0\u00bb1\/3&Prime; text_align=\u00a0\u00bbcenter\u00a0\u00bb el_class=\u00a0\u00bbkt\u00a0\u00bb]<h3 class=\"grve-element grve-title grve-align-center grve-animated-item grve-duration-normal grve-fade-in-up grve-h3\" style=\"\" data-delay=\"600\"><span><br>\n<p style=\"text-align: center;\"><span class=\"OYPEnA text-decoration-none text-strikethrough-none\">Traitement<\/span><br>\n<\/span><\/h3>[vc_column_text css=\u00a0\u00bb\u00a0\u00bb animation=\u00a0\u00bbgrve-fade-in-up-big\u00a0\u00bb animation_delay=\u00a0\u00bb600&Prime; animation_duration=\u00a0\u00bbslow\u00a0\u00bb]<\/p>\n<p style=\"text-align: center;\"><span class=\"OYPEnA text-decoration-none text-strikethrough-none\">Appliquez sur les cheveux secs, les longueurs et les pointes, laissez agir pendant 10\/15 minutes. Appliquez quelques gouttes sur les cheveux secs si n\u00e9cessaire.<\/span><\/p>\n<p>[\/vc_column_text][\/vc_column][\/vc_row][vc_row padding_top_multiplier=\u00a0\u00bb6x\u00a0\u00bb padding_bottom_multiplier=\u00a0\u00bb6x\u00a0\u00bb columns_gap=\u00a0\u00bb60&Prime;][vc_column width=\u00a0\u00bb1\/6&Prime; tablet_sm_width=\u00a0\u00bbhide\u00a0\u00bb mobile_width=\u00a0\u00bbhide\u00a0\u00bb][\/vc_column][vc_column width=\u00a0\u00bb2\/3&Prime; tablet_sm_width=\u00a0\u00bb1&Prime;]<h2 class=\"grve-element grve-title grve-align-center grve-animated-item grve-duration-normal grve-fade-in-up grve-h3\" style=\"\" data-delay=\"200\"><span><strong>Ingr\u00e9dients principaux<\/strong><\/span><\/h2>[vc_column_text css=\u00a0\u00bb\u00a0\u00bb text_style=\u00a0\u00bbleader-text\u00a0\u00bb animation=\u00a0\u00bbgrve-fade-in-up\u00a0\u00bb animation_delay=\u00a0\u00bb400&Prime;]<\/p>\n<p style=\"text-align: center;\">Huile de noyau d&rsquo;Argania Spinosa<\/p>\n<p>[\/vc_column_text]<div class=\"grve-empty-space grve-height-1x\" style=\"\"><\/div>[\/vc_column][vc_column width=\u00a0\u00bb1\/6&Prime; tablet_sm_width=\u00a0\u00bbhide\u00a0\u00bb mobile_width=\u00a0\u00bbhide\u00a0\u00bb][\/vc_column][vc_column width=\u00a0\u00bb1\/3&Prime;]<div class=\"grve-element grve-box-icon grve-medium grve-top-icon grve-align-center grve-animated-item grve-fade-in-up grve-duration-normal\" style=\"\" data-delay=\"200\"><div class=\"grve-image-icon\"><img decoding=\"async\" width=\"512\" height=\"512\" src=\"https:\/\/ktmilano.com\/wp-content\/uploads\/2013\/06\/sls.png\" class=\"attachment-full size-full\" alt=\"SLS Free Vector\" srcset=\"https:\/\/ktmilano.com\/wp-content\/uploads\/2013\/06\/sls.png 512w, https:\/\/ktmilano.com\/wp-content\/uploads\/2013\/06\/sls-300x300.png 300w, https:\/\/ktmilano.com\/wp-content\/uploads\/2013\/06\/sls-150x150.png 150w, https:\/\/ktmilano.com\/wp-content\/uploads\/2013\/06\/sls-100x100.png 100w\" sizes=\"(max-width: 512px) 100vw, 512px\" \/><\/div><div class=\"grve-box-content\"><div class=\"grve-box-title-wrapper\"><h3 class=\"grve-box-title grve-h6\">Sans SLS<\/h3><\/div><\/div><\/div>[\/vc_column][vc_column width=\u00a0\u00bb1\/3&Prime;]<div class=\"grve-element grve-box-icon grve-medium grve-top-icon grve-align-center grve-animated-item grve-fade-in-up grve-duration-normal\" style=\"\" data-delay=\"400\"><div class=\"grve-image-icon\"><img decoding=\"async\" width=\"512\" height=\"512\" src=\"https:\/\/ktmilano.com\/wp-content\/uploads\/2013\/06\/paraben-free.png\" class=\"attachment-full size-full\" alt=\"Paraben Free Vector\" srcset=\"https:\/\/ktmilano.com\/wp-content\/uploads\/2013\/06\/paraben-free.png 512w, https:\/\/ktmilano.com\/wp-content\/uploads\/2013\/06\/paraben-free-300x300.png 300w, https:\/\/ktmilano.com\/wp-content\/uploads\/2013\/06\/paraben-free-150x150.png 150w, https:\/\/ktmilano.com\/wp-content\/uploads\/2013\/06\/paraben-free-100x100.png 100w\" sizes=\"(max-width: 512px) 100vw, 512px\" \/><\/div><div class=\"grve-box-content\"><div class=\"grve-box-title-wrapper\"><h3 class=\"grve-box-title grve-h6\">Sans parab\u00e8ne<\/h3><\/div><\/div><\/div>[\/vc_column][vc_column width=\u00a0\u00bb1\/3&Prime;]<div class=\"grve-element grve-box-icon grve-medium grve-top-icon grve-align-center grve-animated-item grve-fade-in-up grve-duration-normal\" style=\"\" data-delay=\"600\"><div class=\"grve-image-icon\"><img decoding=\"async\" width=\"512\" height=\"512\" src=\"https:\/\/ktmilano.com\/wp-content\/uploads\/2024\/04\/natural-ingredients.png\" class=\"attachment-full size-full\" alt=\"Natural Ingredients\" srcset=\"https:\/\/ktmilano.com\/wp-content\/uploads\/2024\/04\/natural-ingredients.png 512w, https:\/\/ktmilano.com\/wp-content\/uploads\/2024\/04\/natural-ingredients-300x300.png 300w, https:\/\/ktmilano.com\/wp-content\/uploads\/2024\/04\/natural-ingredients-150x150.png 150w, https:\/\/ktmilano.com\/wp-content\/uploads\/2024\/04\/natural-ingredients-100x100.png 100w\" sizes=\"(max-width: 512px) 100vw, 512px\" \/><\/div><div class=\"grve-box-content\"><div class=\"grve-box-title-wrapper\"><h3 class=\"grve-box-title grve-h6\">Vegan Freindly<\/h3><\/div><\/div><\/div>[\/vc_column][\/vc_row]<\/p>\n<\/div>","protected":false},"excerpt":{"rendered":"<p>Eu homero honestatis necessitatibus sit, latine omittam qualisque in sea, appetere suavitate ad eos. Bonorum tibique nam at, maiorum partiendo euripidis nam ut. An eos cibo regione abhorreant. Diam velit aliquam his et, quot everti et est. In nec erat regione commune, eirmod copiosae dissentias has id. Ad his fugit regione commune.<\/p>\n","protected":false},"author":1,"featured_media":0,"parent":0,"menu_order":0,"comment_status":"closed","ping_status":"closed","template":"","meta":{"footnotes":""},"class_list":["post-22137","page","type-page","status-publish","hentry"],"_links":{"self":[{"href":"https:\/\/ktmilano.com\/fr\/wp-json\/wp\/v2\/pages\/22137","targetHints":{"allow":["GET"]}}],"collection":[{"href":"https:\/\/ktmilano.com\/fr\/wp-json\/wp\/v2\/pages"}],"about":[{"href":"https:\/\/ktmilano.com\/fr\/wp-json\/wp\/v2\/types\/page"}],"author":[{"embeddable":true,"href":"https:\/\/ktmilano.com\/fr\/wp-json\/wp\/v2\/users\/1"}],"replies":[{"embeddable":true,"href":"https:\/\/ktmilano.com\/fr\/wp-json\/wp\/v2\/comments?post=22137"}],"version-history":[{"count":0,"href":"https:\/\/ktmilano.com\/fr\/wp-json\/wp\/v2\/pages\/22137\/revisions"}],"wp:attachment":[{"href":"https:\/\/ktmilano.com\/fr\/wp-json\/wp\/v2\/media?parent=22137"}],"curies":[{"name":"wp","href":"https:\/\/api.w.org\/{rel}","templated":true}]}}